{"id":19,"date":"2017-07-05T16:40:31","date_gmt":"2017-07-05T16:40:31","guid":{"rendered":"http:\/\/chooselifemarketingd.calevir.com\/?page_id=19"},"modified":"2025-10-16T21:45:18","modified_gmt":"2025-10-17T03:45:18","slug":"appointment-request","status":"publish","type":"page","link":"http:\/\/anchorofhopewi.clmstaging.com\/es\/appointment-request\/","title":{"rendered":"Solicitud de Cita M\u00e9dica"},"content":{"rendered":"<div data-elementor-type=\"wp-page\" data-elementor-id=\"19\" class=\"elementor elementor-19\" data-elementor-post-type=\"page\">\n\t\t\t\t\t\t<section class=\"elementor-section elementor-top-section elementor-element elementor-element-5269afb3 elementor-section-height-min-height elementor-section-boxed elementor-section-height-default elementor-section-items-middle\" data-id=\"5269afb3\" data-element_type=\"section\" data-e-type=\"section\" data-settings=\"{&quot;background_background&quot;:&quot;classic&quot;,&quot;shape_divider_bottom&quot;:&quot;mountains&quot;}\">\n\t\t\t\t\t<div class=\"elementor-shape elementor-shape-bottom\" aria-hidden=\"true\" data-negative=\"false\">\n\t\t\t<svg xmlns=\"http:\/\/www.w3.org\/2000\/svg\" viewbox=\"0 0 1000 100\" preserveaspectratio=\"none\">\n\t<path class=\"elementor-shape-fill\" opacity=\"0.33\" d=\"M473,67.3c-203.9,88.3-263.1-34-320.3,0C66,119.1,0,59.7,0,59.7V0h1000v59.7 c0,0-62.1,26.1-94.9,29.3c-32.8,3.3-62.8-12.3-75.8-22.1C806,49.6,745.3,8.7,694.9,4.7S492.4,59,473,67.3z\"\/>\n\t<path class=\"elementor-shape-fill\" opacity=\"0.66\" d=\"M734,67.3c-45.5,0-77.2-23.2-129.1-39.1c-28.6-8.7-150.3-10.1-254,39.1 s-91.7-34.4-149.2,0C115.7,118.3,0,39.8,0,39.8V0h1000v36.5c0,0-28.2-18.5-92.1-18.5C810.2,18.1,775.7,67.3,734,67.3z\"\/>\n\t<path class=\"elementor-shape-fill\" d=\"M766.1,28.9c-200-57.5-266,65.5-395.1,19.5C242,1.8,242,5.4,184.8,20.6C128,35.8,132.3,44.9,89.9,52.5C28.6,63.7,0,0,0,0 h1000c0,0-9.9,40.9-83.6,48.1S829.6,47,766.1,28.9z\"\/>\n<\/svg>\t\t<\/div>\n\t\t\t\t\t<div class=\"elementor-container elementor-column-gap-default\">\n\t\t\t\t\t<div class=\"elementor-column elementor-col-100 elementor-top-column elementor-element elementor-element-8d9cc96\" data-id=\"8d9cc96\" data-element_type=\"column\" data-e-type=\"column\">\n\t\t\t<div class=\"elementor-widget-wrap elementor-element-populated\">\n\t\t\t\t\t\t\t<\/div>\n\t\t<\/div>\n\t\t\t\t\t<\/div>\n\t\t<\/section>\n\t\t\t\t<section class=\"elementor-section elementor-top-section elementor-element elementor-element-2bc05ad elementor-section-boxed elementor-section-height-default elementor-section-height-default\" data-id=\"2bc05ad\" data-element_type=\"section\" data-e-type=\"section\">\n\t\t\t\t\t\t<div class=\"elementor-container elementor-column-gap-default\">\n\t\t\t\t\t<div class=\"elementor-column elementor-col-66 elementor-top-column elementor-element elementor-element-cb60afe\" data-id=\"cb60afe\" data-element_type=\"column\" data-e-type=\"column\">\n\t\t\t<div class=\"elementor-widget-wrap elementor-element-populated\">\n\t\t\t\t\t\t<div class=\"elementor-element elementor-element-46388ff elementor-widget elementor-widget-text-editor\" data-id=\"46388ff\" data-element_type=\"widget\" data-e-type=\"widget\" data-widget_type=\"text-editor.default\">\n\t\t\t\t<div class=\"elementor-widget-container\">\n\t\t\t\t\t\t\t\t\t<p><strong>Esta solicitud de cita m\u00e9dica es solo para citas relacionadas con el embarazo.<\/strong> (pruebas de embarazo, ecograf\u00edas y consultas de informaci\u00f3n sobre aborto).<\/p><p>Para todas las dem\u00e1s citas haga clic <strong><a href=\"http:\/\/anchorofhopewi.clmstaging.com\/es\/std-testing-and-treatment\/\">AQU\u00cd<\/a><\/strong>.<\/p><p><span data-olk-copy-source=\"MessageBody\">Nuestras ecograf\u00edas se limitan a determinar la ubicaci\u00f3n, la viabilidad y la fecha estimada del parto. Si est\u00e1 bajo atenci\u00f3n obst\u00e9trica, comun\u00edquese con su m\u00e9dico obstetra. Si la han visto en la sala de emergencias, comun\u00edquese con una enfermera por tel\u00e9fono. <\/span><span data-olk-copy-source=\"MessageBody\"> <a href=\"tel:920-452-4673\">920-452-4673<\/a> Para discutir.<\/span><\/p>\t\t\t\t\t\t\t\t<\/div>\n\t\t\t\t<\/div>\n\t\t\t\t<div class=\"elementor-element elementor-element-7e5378d elementor-widget elementor-widget-html\" data-id=\"7e5378d\" data-element_type=\"widget\" data-e-type=\"widget\" data-widget_type=\"html.default\">\n\t\t\t\t<div class=\"elementor-widget-container\">\n\t\t\t\t\t<script><!-- [et_pb_line_break_holder] -->    window.addEventListener('DOMContentLoaded', function() {<!-- [et_pb_line_break_holder] --><!-- [et_pb_line_break_holder] -->        \/\/ Get reference to plugin iframe contentWindow<!-- [et_pb_line_break_holder] --><!-- [et_pb_line_break_holder] -->        var f = document.getElementById('pluginFrame').contentWindow;<!-- [et_pb_line_break_holder] --><!-- [et_pb_line_break_holder] -->        \/\/ Setup plugin configuration data.<!-- [et_pb_line_break_holder] -->        \/\/ (Note: your center will receive an apiKey and regKey(s) upon registering with<!-- [et_pb_line_break_holder] -->        \/\/ the eKYROS Call Center in CenterPiece).<!-- [et_pb_line_break_holder] -->        \/\/<!-- [et_pb_line_break_holder] -->        \/\/ Parameters:<!-- [et_pb_line_break_holder] -->        \/\/ type:              Message type should always be 'ekyros'<!-- [et_pb_line_break_holder] -->        \/\/ apiKey:            Identifies Call Center<!-- [et_pb_line_break_holder] -->        \/\/ regKeys:           Array that identifies 1 or more registered office locations.<!-- [et_pb_line_break_holder] -->        \/\/ themeColor:        Optional. Specify a primary color used by the plug-in to match your<!-- [et_pb_line_break_holder] -->        \/\/                    site's theme.  Default is color 'blue'. Accepts hex value or named color.<!-- [et_pb_line_break_holder] -->        \/\/ waitTimeInMinutes: Optional. Specify duration (in minutes) before the user can create<!-- [et_pb_line_break_holder] -->        \/\/                    another appointment.  Default is 30 minutes.<!-- [et_pb_line_break_holder] --><!-- [et_pb_line_break_holder] -->        var data = {<!-- [et_pb_line_break_holder] -->        \"type\":     'ekyros',<!-- [et_pb_line_break_holder] -->        \"apiKey\":   '1c2afaa0-4cd3-4f76-9462-dbd00417442d',<!-- [et_pb_line_break_holder] -->        \"regKeys\":  ['bb2f9efe-0d00-4ce6-b24d-7e128f05bd76'],<!-- [et_pb_line_break_holder] -->        \"themeColor\": '#86A149',<!-- [et_pb_line_break_holder] -->        \"waitTimeInMinutes\": 30<!-- [et_pb_line_break_holder] -->        };<!-- [et_pb_line_break_holder] -->    <!-- [et_pb_line_break_holder] -->        \/\/ Setup message listener to receive messages from the plugin.<!-- [et_pb_line_break_holder] -->        window.addEventListener(\"message\", function(e){<!-- [et_pb_line_break_holder] -->    <!-- [et_pb_line_break_holder] -->            \/\/ Optional. Handle callback message when someone books an appointment<!-- [et_pb_line_break_holder] -->    <!-- [et_pb_line_break_holder] -->            if (e.data.type == 'ekyros') {<!-- [et_pb_line_break_holder] -->    <!-- [et_pb_line_break_holder] -->                \/\/ Do something like redirect to google analytics page etc...<!-- [et_pb_line_break_holder] -->                window.location.href='https:\/\/my-site\/my-google-analytics-page.html';<!-- [et_pb_line_break_holder] -->            }<!-- [et_pb_line_break_holder] -->    <!-- [et_pb_line_break_holder] -->            \/\/ Required! Handle initialization.  <!-- [et_pb_line_break_holder] -->            \/\/ Param1:   Configuration data.<!-- [et_pb_line_break_holder] -->            \/\/ Param2:   Secuity requirement.  Must be origin (domain) used in iframe SRC <!-- [et_pb_line_break_holder] -->            \/\/           attribute.<!-- [et_pb_line_break_holder] -->    <!-- [et_pb_line_break_holder] -->            if (e.data.type == 'ekyros-init') {<!-- [et_pb_line_break_holder] -->                <!-- [et_pb_line_break_holder] -->                f.postMessage(data, \"https:\/\/pluslinkplugin.ekyros.com\");<!-- [et_pb_line_break_holder] -->            }<!-- [et_pb_line_break_holder] -->        });<!-- [et_pb_line_break_holder] -->});<!-- [et_pb_line_break_holder] --><\/script>\t\t\t\t<\/div>\n\t\t\t\t<\/div>\n\t\t\t\t<div class=\"elementor-element elementor-element-11eb931 elementor-widget elementor-widget-text-editor\" data-id=\"11eb931\" data-element_type=\"widget\" data-e-type=\"widget\" data-widget_type=\"text-editor.default\">\n\t\t\t\t<div class=\"elementor-widget-container\">\n\t\t\t\t\t\t\t\t\t<iframe id=\"pluginFrame\" style=\"width: 100%; min-height: 500px; padding: 15px;\" data-src=\"https:\/\/pluslinkplugin.ekyros.com\" width=\"300\" height=\"150\" frameborder=\"3\" src=\"data:image\/svg+xml;base64,PHN2ZyB3aWR0aD0iMSIgaGVpZ2h0PSIxIiB4bWxucz0iaHR0cDovL3d3dy53My5vcmcvMjAwMC9zdmciPjwvc3ZnPg==\" class=\"lazyload\" data-load-mode=\"1\"><\/iframe>\n\n<script>\n    window.addEventListener('DOMContentLoaded', function() {\n\n        \/\/ Get reference to plugin iframe contentWindow\n\n        var f = document.getElementById('pluginFrame').contentWindow;\n\n    \/\/ Setup plugin configuration data.\n    \/\/ (Note: your center will receive an apiKey and regKey(s) upon registering with\n    \/\/ the eKYROS Call Center in CenterPiece).\n    \/\/\n    \/\/ Parameters:\n    \/\/ type:                    Message type should always be 'ekyros'\n    \/\/ apiKey:                  Identifies Call Center\n    \/\/ regKeys:                 Array that identifies 1 or more registered office locations.\n    \/\/ themeColor:              Optional. Specify a primary color used by the plug-in to match your\n    \/\/                          site's theme.  Default is color 'blue'. Accepts hex value or named color.\n    \/\/ waitTimeInMinutes:       Optional. Specify duration (in minutes) before the user can create\n    \/\/                          another appointment.  Default is 30 minutes.\n    \/\/ timeslotThrottleInDays:  Optional. Limit the number of timeslots displayed.\n    \/\/                          Valid value is between 1-30 days.  Default is 30 days.\n    \/\/ hideCenterName:          Optional. Hide center Name, address & phone.\n    \/\/                          true\/false.  Default is false.\n\n        var data = {\n        \"type\":     'ekyros',\n        \"apiKey\":   '1c2afaa0-4cd3-4f76-9462-dbd00417442d',\n        \"regKeys\":  ['bb2f9efe-0d00-4ce6-b24d-7e128f05bd76','014d1d52-6563-4f51-a045-0016c09affb2'],\n        \"themeColor\": '#86A149',\n        \"waitTimeInMinutes\": 30,\n        \"timeslotThrottleInDays\": 10,   \/\/ Show 10 days of timeslots (versus 30).\n        \"hideCenterName\": false\n        };\n                \n        \/\/ Setup message listener to receive messages from the plugin.\n        window.addEventListener(\"message\", function(e){\n                \n            \/\/ Optional. Handle callback message when someone books an appointment\n    \n            if (e.data.type == 'ekyros') {\n                \n                \/\/ Do something like redirect to google analytics page etc...\n                window.location.href='http:\/\/anchorofhopewi.clmstaging.com\/thank-you\/';\n            }\n                \n            \/\/ Required! Handle initialization.  \n            \/\/ Param1:   Configuration data.\n            \/\/ Param2:   Secuity requirement.  Must be origin (domain) used in iframe SRC \n            \/\/           attribute.\n    \n            if (e.data.type == 'ekyros-init') {\n                \n                f.postMessage(data, \"https:\/\/pluslinkplugin.ekyros.com\");\n            }\n        });\n});\n<\/script>\n           \t\t\t\t\t\t\t\t<\/div>\n\t\t\t\t<\/div>\n\t\t\t\t\t<\/div>\n\t\t<\/div>\n\t\t\t\t<div class=\"elementor-column elementor-col-33 elementor-top-column elementor-element elementor-element-2f23a43\" data-id=\"2f23a43\" data-element_type=\"column\" data-e-type=\"column\">\n\t\t\t<div class=\"elementor-widget-wrap elementor-element-populated\">\n\t\t\t\t\t\t<div class=\"elementor-element elementor-element-1fae2ba elementor-widget elementor-widget-text-editor\" data-id=\"1fae2ba\" data-element_type=\"widget\" data-e-type=\"widget\" data-widget_type=\"text-editor.default\">\n\t\t\t\t<div class=\"elementor-widget-container\">\n\t\t\t\t\t\t\t\t\t<p><strong>Informaci\u00f3n del contacto<\/strong><\/p><p>Tel\u00e9fono (llamada o mensaje de texto): <a href=\"tel:920-452-4673\">920-452-4673<\/a><br \/>Correo electr\u00f3nico: <a href=\"mailto:hope@anchorofhopewi.clmstaging.com\">esperanza@anchorofhopewi.clmstaging.com<\/a><\/p><p><strong>Fuera de horas<\/strong> (llamar o enviar mensaje de texto) <a href=\"tel:+18007124357\">800-712-4357<\/a><\/p><p><strong>Ubicaci\u00f3n de Sheboygan<\/strong>: <br \/>1018 S. Taylor Drive, Sheboygan, WI 53081\u00a0<\/p><p><b>Horario de Sheboygan:\u00a0<\/b>Citas a menudo disponibles el mismo d\u00eda.<\/p><ul><li>Lunes: 8:30 a. m. a 5:00 p. m.<\/li><li>Martes: 9:00 a. m. a 3:00 p. m.<\/li><li>Mi\u00e9rcoles: 8:30 a. m. a 6:00 p. m.<\/li><li>Jueves: 8:30 a. m. a 5:00 p. m.<\/li><li>Viernes: 9:00 a. m. a 3:00 p. m.<\/li><li>S\u00e1bado y domingo: cerrado<\/li><\/ul><p><strong><br \/>Ubicaci\u00f3n de Plymouth<\/strong>: <br \/>515 E. Mill Street Puerta B, Plymouth WI 53073\u00a0<\/p><p><b>Horario de Plymouth:<\/b><\/p><ul><li>Martes: 9:00 a. m. a 1:00 p. m.<\/li><li>Jueves 13:00 \u2013 17:00<\/li><\/ul><p><em><br \/>Si desea visitar nuestro centro fuera de este horario, h\u00e1ganoslo saber y haremos todo lo posible para atenderlo. Queremos servirle en todo lo que podamos.<\/em><\/p>\t\t\t\t\t\t\t\t<\/div>\n\t\t\t\t<\/div>\n\t\t\t\t\t<\/div>\n\t\t<\/div>\n\t\t\t\t\t<\/div>\n\t\t<\/section>\n\t\t\t\t<section class=\"elementor-section elementor-top-section elementor-element elementor-element-59570a1 elementor-section-boxed elementor-section-height-default elementor-section-height-default\" data-id=\"59570a1\" data-element_type=\"section\" data-e-type=\"section\">\n\t\t\t\t\t\t<div class=\"elementor-container elementor-column-gap-default\">\n\t\t\t\t\t<div class=\"elementor-column elementor-col-100 elementor-top-column elementor-element elementor-element-d4fdfb2\" data-id=\"d4fdfb2\" data-element_type=\"column\" data-e-type=\"column\">\n\t\t\t<div class=\"elementor-widget-wrap elementor-element-populated\">\n\t\t\t\t\t\t<div class=\"elementor-element elementor-element-e921532 elementor-widget elementor-widget-text-editor\" data-id=\"e921532\" data-element_type=\"widget\" data-e-type=\"widget\" data-widget_type=\"text-editor.default\">\n\t\t\t\t<div class=\"elementor-widget-container\">\n\t\t\t\t\t\t\t\t\t<p>*Aunque nos esforzamos por adaptarnos a las fechas y horarios de sus citas preferidas, no podemos ofrecer ninguna garant\u00eda debido a una serie de condiciones, que incluyen, entre otras: horario comercial de atenci\u00f3n, dotaci\u00f3n de personal, elegibilidad, equipo, disponibilidad y d\u00edas festivos. Espere entre 24 y 48 horas para que respondamos a su solicitud de cita.\u00a0<\/p><p>\u00a0<\/p>\t\t\t\t\t\t\t\t<\/div>\n\t\t\t\t<\/div>\n\t\t\t\t\t<\/div>\n\t\t<\/div>\n\t\t\t\t\t<\/div>\n\t\t<\/section>\n\t\t\t\t<\/div>","protected":false},"excerpt":{"rendered":"<p>Esta solicitud de cita m\u00e9dica es solo para citas relacionadas con el embarazo (pruebas de embarazo, ecograf\u00edas y consultas de informaci\u00f3n sobre abortos). Para citas por ITS\/ETS, haga clic AQU\u00cd. Nuestras ecograf\u00edas se limitan a determinar la ubicaci\u00f3n, la viabilidad y la fecha estimada del parto. Si est\u00e1 bajo atenci\u00f3n obst\u00e9trica, comun\u00edquese con su m\u00e9dico obstetra. Si la han visto en la sala de emergencias, [\u2026]<\/p>","protected":false},"author":18,"featured_media":627,"parent":0,"menu_order":0,"comment_status":"closed","ping_status":"closed","template":"elementor_header_footer","meta":{"_acf_changed":false,"footnotes":""},"class_list":["post-19","page","type-page","status-publish","has-post-thumbnail","hentry"],"acf":[],"yoast_head":"<!-- This site is optimized with the Yoast SEO plugin v26.8 - https:\/\/yoast.com\/product\/yoast-seo-wordpress\/ -->\n<title>Medical Appointment Request - Anchor of Hope<\/title>\n<meta name=\"description\" content=\"Schedule a pregnancy test, ultrasound, or abortion consultation at no cost. Walk-ins welcome during business hours. Contact Anchor of Hope in Sheboygan.\" \/>\n<meta name=\"robots\" content=\"index, follow, max-snippet:-1, max-image-preview:large, max-video-preview:-1\" \/>\n<link rel=\"canonical\" href=\"http:\/\/anchorofhopewi.clmstaging.com\/es\/appointment-request\/\" \/>\n<meta property=\"og:locale\" content=\"es_MX\" \/>\n<meta property=\"og:type\" content=\"article\" \/>\n<meta property=\"og:title\" content=\"Medical Appointment Request - Anchor of Hope\" \/>\n<meta property=\"og:description\" content=\"Schedule a pregnancy test, ultrasound, or abortion consultation at no cost. Walk-ins welcome during business hours. Contact Anchor of Hope in Sheboygan.\" \/>\n<meta property=\"og:url\" content=\"http:\/\/anchorofhopewi.clmstaging.com\/es\/appointment-request\/\" \/>\n<meta property=\"og:site_name\" content=\"Anchor of Hope\" \/>\n<meta property=\"article:modified_time\" content=\"2025-10-17T03:45:18+00:00\" \/>\n<meta property=\"og:image\" content=\"http:\/\/anchorofhopewi.clmstaging.com\/wp-content\/uploads\/2020\/01\/image_5.jpg\" \/>\n\t<meta property=\"og:image:width\" content=\"1920\" \/>\n\t<meta property=\"og:image:height\" content=\"713\" \/>\n\t<meta property=\"og:image:type\" content=\"image\/jpeg\" \/>\n<meta name=\"twitter:card\" content=\"summary_large_image\" \/>\n<meta name=\"twitter:label1\" content=\"Tiempo de lectura\" \/>\n\t<meta name=\"twitter:data1\" content=\"2 minutos\" \/>\n<!-- \/ Yoast SEO plugin. -->","yoast_head_json":{"title":"Medical Appointment Request - Anchor of Hope","description":"Schedule a pregnancy test, ultrasound, or abortion consultation at no cost. Walk-ins welcome during business hours. Contact Anchor of Hope in Sheboygan.","robots":{"index":"index","follow":"follow","max-snippet":"max-snippet:-1","max-image-preview":"max-image-preview:large","max-video-preview":"max-video-preview:-1"},"canonical":"http:\/\/anchorofhopewi.clmstaging.com\/es\/appointment-request\/","og_locale":"es_MX","og_type":"article","og_title":"Medical Appointment Request - Anchor of Hope","og_description":"Schedule a pregnancy test, ultrasound, or abortion consultation at no cost. Walk-ins welcome during business hours. Contact Anchor of Hope in Sheboygan.","og_url":"http:\/\/anchorofhopewi.clmstaging.com\/es\/appointment-request\/","og_site_name":"Anchor of Hope","article_modified_time":"2025-10-17T03:45:18+00:00","og_image":[{"width":1920,"height":713,"url":"http:\/\/anchorofhopewi.clmstaging.com\/wp-content\/uploads\/2020\/01\/image_5.jpg","type":"image\/jpeg"}],"twitter_card":"summary_large_image","twitter_misc":{"Tiempo de lectura":"2 minutos"},"schema":{"@context":"https:\/\/schema.org","@graph":[{"@type":"WebPage","@id":"http:\/\/anchorofhopewi.clmstaging.com\/appointment-request\/","url":"http:\/\/anchorofhopewi.clmstaging.com\/appointment-request\/","name":"Medical Appointment Request - Anchor of Hope","isPartOf":{"@id":"http:\/\/anchorofhopewi.clmstaging.com\/#website"},"primaryImageOfPage":{"@id":"http:\/\/anchorofhopewi.clmstaging.com\/appointment-request\/#primaryimage"},"image":{"@id":"http:\/\/anchorofhopewi.clmstaging.com\/appointment-request\/#primaryimage"},"thumbnailUrl":"http:\/\/anchorofhopewi.clmstaging.com\/wp-content\/uploads\/2020\/01\/image_5.jpg","datePublished":"2017-07-05T16:40:31+00:00","dateModified":"2025-10-17T03:45:18+00:00","description":"Schedule a pregnancy test, ultrasound, or abortion consultation at no cost. Walk-ins welcome during business hours. Contact Anchor of Hope in Sheboygan.","breadcrumb":{"@id":"http:\/\/anchorofhopewi.clmstaging.com\/appointment-request\/#breadcrumb"},"inLanguage":"es","potentialAction":[{"@type":"ReadAction","target":["http:\/\/anchorofhopewi.clmstaging.com\/appointment-request\/"]}]},{"@type":"ImageObject","inLanguage":"es","@id":"http:\/\/anchorofhopewi.clmstaging.com\/appointment-request\/#primaryimage","url":"http:\/\/anchorofhopewi.clmstaging.com\/wp-content\/uploads\/2020\/01\/image_5.jpg","contentUrl":"http:\/\/anchorofhopewi.clmstaging.com\/wp-content\/uploads\/2020\/01\/image_5.jpg","width":1920,"height":713,"caption":"pregnant woman"},{"@type":"BreadcrumbList","@id":"http:\/\/anchorofhopewi.clmstaging.com\/appointment-request\/#breadcrumb","itemListElement":[{"@type":"ListItem","position":1,"name":"Home","item":"http:\/\/anchorofhopewi.clmstaging.com\/"},{"@type":"ListItem","position":2,"name":"Medical Appointment Request"}]},{"@type":"WebSite","@id":"http:\/\/anchorofhopewi.clmstaging.com\/#website","url":"http:\/\/anchorofhopewi.clmstaging.com\/","name":"Ancla de esperanza","description":"","publisher":{"@id":"http:\/\/anchorofhopewi.clmstaging.com\/#organization"},"potentialAction":[{"@type":"SearchAction","target":{"@type":"EntryPoint","urlTemplate":"http:\/\/anchorofhopewi.clmstaging.com\/?s={search_term_string}"},"query-input":{"@type":"PropertyValueSpecification","valueRequired":true,"valueName":"search_term_string"}}],"inLanguage":"es"},{"@type":"Organization","@id":"http:\/\/anchorofhopewi.clmstaging.com\/#organization","name":"Ancla de esperanza","url":"http:\/\/anchorofhopewi.clmstaging.com\/","logo":{"@type":"ImageObject","inLanguage":"es","@id":"http:\/\/anchorofhopewi.clmstaging.com\/#\/schema\/logo\/image\/","url":"http:\/\/anchorofhopewi.clmstaging.com\/wp-content\/uploads\/2021\/09\/logo-color.png","contentUrl":"http:\/\/anchorofhopewi.clmstaging.com\/wp-content\/uploads\/2021\/09\/logo-color.png","width":729,"height":115,"caption":"Anchor of Hope"},"image":{"@id":"http:\/\/anchorofhopewi.clmstaging.com\/#\/schema\/logo\/image\/"}}]}},"_links":{"self":[{"href":"http:\/\/anchorofhopewi.clmstaging.com\/es\/wp-json\/wp\/v2\/pages\/19","targetHints":{"allow":["GET"]}}],"collection":[{"href":"http:\/\/anchorofhopewi.clmstaging.com\/es\/wp-json\/wp\/v2\/pages"}],"about":[{"href":"http:\/\/anchorofhopewi.clmstaging.com\/es\/wp-json\/wp\/v2\/types\/page"}],"author":[{"embeddable":true,"href":"http:\/\/anchorofhopewi.clmstaging.com\/es\/wp-json\/wp\/v2\/users\/18"}],"replies":[{"embeddable":true,"href":"http:\/\/anchorofhopewi.clmstaging.com\/es\/wp-json\/wp\/v2\/comments?post=19"}],"version-history":[{"count":0,"href":"http:\/\/anchorofhopewi.clmstaging.com\/es\/wp-json\/wp\/v2\/pages\/19\/revisions"}],"wp:featuredmedia":[{"embeddable":true,"href":"http:\/\/anchorofhopewi.clmstaging.com\/es\/wp-json\/wp\/v2\/media\/627"}],"wp:attachment":[{"href":"http:\/\/anchorofhopewi.clmstaging.com\/es\/wp-json\/wp\/v2\/media?parent=19"}],"curies":[{"name":"gracias","href":"https:\/\/api.w.org\/{rel}","templated":true}]}}