{"id":246,"date":"2019-10-24T07:14:21","date_gmt":"2019-10-24T07:14:21","guid":{"rendered":"http:\/\/anchorofhopewi.clmstaging.com\/?page_id=246"},"modified":"2023-10-16T20:12:05","modified_gmt":"2023-10-17T02:12:05","slug":"parenting-support","status":"publish","type":"page","link":"http:\/\/anchorofhopewi.clmstaging.com\/es\/parenting-support\/","title":{"rendered":"Apoyo para padres"},"content":{"rendered":"<div data-elementor-type=\"wp-page\" data-elementor-id=\"246\" class=\"elementor elementor-246\" data-elementor-post-type=\"page\">\n\t\t\t\t\t\t<section class=\"elementor-section elementor-top-section elementor-element elementor-element-4b1f7947 elementor-section-height-min-height elementor-section-boxed elementor-section-height-default elementor-section-items-middle\" data-id=\"4b1f7947\" data-element_type=\"section\" data-e-type=\"section\" data-settings=\"{&quot;background_background&quot;:&quot;classic&quot;,&quot;shape_divider_bottom&quot;:&quot;mountains&quot;}\">\n\t\t\t\t\t<div class=\"elementor-shape elementor-shape-bottom\" aria-hidden=\"true\" data-negative=\"false\">\n\t\t\t<svg xmlns=\"http:\/\/www.w3.org\/2000\/svg\" viewbox=\"0 0 1000 100\" preserveaspectratio=\"none\">\n\t<path class=\"elementor-shape-fill\" opacity=\"0.33\" d=\"M473,67.3c-203.9,88.3-263.1-34-320.3,0C66,119.1,0,59.7,0,59.7V0h1000v59.7 c0,0-62.1,26.1-94.9,29.3c-32.8,3.3-62.8-12.3-75.8-22.1C806,49.6,745.3,8.7,694.9,4.7S492.4,59,473,67.3z\"\/>\n\t<path class=\"elementor-shape-fill\" opacity=\"0.66\" d=\"M734,67.3c-45.5,0-77.2-23.2-129.1-39.1c-28.6-8.7-150.3-10.1-254,39.1 s-91.7-34.4-149.2,0C115.7,118.3,0,39.8,0,39.8V0h1000v36.5c0,0-28.2-18.5-92.1-18.5C810.2,18.1,775.7,67.3,734,67.3z\"\/>\n\t<path class=\"elementor-shape-fill\" d=\"M766.1,28.9c-200-57.5-266,65.5-395.1,19.5C242,1.8,242,5.4,184.8,20.6C128,35.8,132.3,44.9,89.9,52.5C28.6,63.7,0,0,0,0 h1000c0,0-9.9,40.9-83.6,48.1S829.6,47,766.1,28.9z\"\/>\n<\/svg>\t\t<\/div>\n\t\t\t\t\t<div class=\"elementor-container elementor-column-gap-default\">\n\t\t\t\t\t<div class=\"elementor-column elementor-col-100 elementor-top-column elementor-element elementor-element-3f6c804\" data-id=\"3f6c804\" data-element_type=\"column\" data-e-type=\"column\">\n\t\t\t<div class=\"elementor-widget-wrap elementor-element-populated\">\n\t\t\t\t\t\t\t<\/div>\n\t\t<\/div>\n\t\t\t\t\t<\/div>\n\t\t<\/section>\n\t\t\t\t<section class=\"elementor-section elementor-top-section elementor-element elementor-element-6210940 elementor-section-boxed elementor-section-height-default elementor-section-height-default\" data-id=\"6210940\" data-element_type=\"section\" data-e-type=\"section\">\n\t\t\t\t\t\t<div class=\"elementor-container elementor-column-gap-default\">\n\t\t\t\t\t<div class=\"elementor-column elementor-col-100 elementor-top-column elementor-element elementor-element-df2e386\" data-id=\"df2e386\" data-element_type=\"column\" data-e-type=\"column\">\n\t\t\t<div class=\"elementor-widget-wrap elementor-element-populated\">\n\t\t\t\t\t\t<div class=\"elementor-element elementor-element-42ea3df elementor-widget elementor-widget-heading\" data-id=\"42ea3df\" data-element_type=\"widget\" data-e-type=\"widget\" data-widget_type=\"heading.default\">\n\t\t\t\t<div class=\"elementor-widget-container\">\n\t\t\t\t\t<h3 class=\"elementor-heading-title elementor-size-default\">\u00bfEs usted padre primerizo o padre experimentado que busca apoyo? <\/h3>\t\t\t\t<\/div>\n\t\t\t\t<\/div>\n\t\t\t\t<div class=\"elementor-element elementor-element-d7b8ae9 elementor-widget elementor-widget-text-editor\" data-id=\"d7b8ae9\" data-element_type=\"widget\" data-e-type=\"widget\" data-widget_type=\"text-editor.default\">\n\t\t\t\t<div class=\"elementor-widget-container\">\n\t\t\t\t\t\t\t\t\t<div class=\"et_pb_module et_pb_text et_pb_text_0 et_pb_text_align_left et_pb_bg_layout_light\"><div class=\"et_pb_text_inner\"><p class=\"yiv1474725517MsoNormal\"><strong>Estamos aqu\u00ed para ti.<\/strong><\/p><p><span style=\"font-weight: 400;\">Nuestros servicios de apoyo para padres incluyen clases para padres pr\u00e1cticas, aplicables y relacionadas a trav\u00e9s de nuestro programa Gane mientras aprende (EWYL). Nuestras clases est\u00e1n dise\u00f1adas para ser individuales con usted y uno de nuestros defensores capacitados, para que pueda obtener el mejor apoyo.\u00a0<\/span><\/p><\/div><\/div>\t\t\t\t\t\t\t\t<\/div>\n\t\t\t\t<\/div>\n\t\t\t\t<div class=\"elementor-element elementor-element-1ac11b1 elementor-widget elementor-widget-heading\" data-id=\"1ac11b1\" data-element_type=\"widget\" data-e-type=\"widget\" data-widget_type=\"heading.default\">\n\t\t\t\t<div class=\"elementor-widget-container\">\n\t\t\t\t\t<h3 class=\"elementor-heading-title elementor-size-default\">Los art\u00edculos para beb\u00e9s pueden ser costosos. \u00bfExiste alg\u00fan lugar donde pueda obtener apoyo material?<\/h3>\t\t\t\t<\/div>\n\t\t\t\t<\/div>\n\t\t\t\t<div class=\"elementor-element elementor-element-5ae85b2 elementor-widget elementor-widget-text-editor\" data-id=\"5ae85b2\" data-element_type=\"widget\" data-e-type=\"widget\" data-widget_type=\"text-editor.default\">\n\t\t\t\t<div class=\"elementor-widget-container\">\n\t\t\t\t\t\t\t\t\t<div class=\"et_pb_module et_pb_text et_pb_text_0 et_pb_text_align_left et_pb_bg_layout_light\"><div class=\"et_pb_text_inner\"><p class=\"yiv1474725517MsoNormal\"><span style=\"font-weight: 400;\">Como parte de nuestro programa Gane mientras aprende (EWYL), nos complace poder ayudarlo con algunos de los suministros esenciales para beb\u00e9s y ni\u00f1os peque\u00f1os que pueda necesitar. Para que puedas seguir centr\u00e1ndote en las cosas m\u00e1s importantes<\/span><\/p><\/div><\/div>\t\t\t\t\t\t\t\t<\/div>\n\t\t\t\t<\/div>\n\t\t\t\t\t<\/div>\n\t\t<\/div>\n\t\t\t\t\t<\/div>\n\t\t<\/section>\n\t\t\t\t<section class=\"elementor-section elementor-top-section elementor-element elementor-element-945a3fc elementor-section-boxed elementor-section-height-default elementor-section-height-default\" data-id=\"945a3fc\" data-element_type=\"section\" data-e-type=\"section\">\n\t\t\t\t\t\t<div class=\"elementor-container elementor-column-gap-default\">\n\t\t\t\t\t<div class=\"elementor-column elementor-col-100 elementor-top-column elementor-element elementor-element-b4f4ef9\" data-id=\"b4f4ef9\" data-element_type=\"column\" data-e-type=\"column\">\n\t\t\t<div class=\"elementor-widget-wrap elementor-element-populated\">\n\t\t\t\t\t\t<div class=\"elementor-element elementor-element-16dbc46 elementor-widget elementor-widget-heading\" data-id=\"16dbc46\" data-element_type=\"widget\" data-e-type=\"widget\" data-widget_type=\"heading.default\">\n\t\t\t\t<div class=\"elementor-widget-container\">\n\t\t\t\t\t<h3 class=\"elementor-heading-title elementor-size-default\">\u00bfHay recursos en el condado de Sheboygan?<\/h3>\t\t\t\t<\/div>\n\t\t\t\t<\/div>\n\t\t\t\t<div class=\"elementor-element elementor-element-eebd109 elementor-widget elementor-widget-text-editor\" data-id=\"eebd109\" data-element_type=\"widget\" data-e-type=\"widget\" data-widget_type=\"text-editor.default\">\n\t\t\t\t<div class=\"elementor-widget-container\">\n\t\t\t\t\t\t\t\t\t<div class=\"et_pb_module et_pb_text et_pb_text_0 et_pb_text_align_left et_pb_bg_layout_light\"><div class=\"et_pb_text_inner\"><div class=\"et_pb_module et_pb_text et_pb_text_2 et_pb_text_align_left et_pb_bg_layout_light\"><div class=\"et_pb_text_inner\"><p><span style=\"font-weight: 400;\">\u00a1S\u00ed! No importa su situaci\u00f3n, el condado de Sheboygan est\u00e1 repleto de recursos comunitarios para ayudarlo a tener \u00e9xito. Nuestro equipo est\u00e1 aqu\u00ed para escucharlo, alentarlo y conectarlo con los recursos comunitarios que sean mejores para usted.\u00a0<\/span><\/p><\/div><\/div><\/div><\/div>\t\t\t\t\t\t\t\t<\/div>\n\t\t\t\t<\/div>\n\t\t\t\t\t<\/div>\n\t\t<\/div>\n\t\t\t\t\t<\/div>\n\t\t<\/section>\n\t\t\t\t<section class=\"elementor-section elementor-top-section elementor-element elementor-element-6883c99 elementor-section-boxed elementor-section-height-default elementor-section-height-default\" data-id=\"6883c99\" data-element_type=\"section\" data-e-type=\"section\">\n\t\t\t\t\t\t<div class=\"elementor-container elementor-column-gap-default\">\n\t\t\t\t\t<div class=\"elementor-column elementor-col-100 elementor-top-column elementor-element elementor-element-a09ab79\" data-id=\"a09ab79\" data-element_type=\"column\" data-e-type=\"column\">\n\t\t\t<div class=\"elementor-widget-wrap elementor-element-populated\">\n\t\t\t\t\t\t<div class=\"elementor-element elementor-element-5aa08d2 elementor-widget elementor-widget-heading\" data-id=\"5aa08d2\" data-element_type=\"widget\" data-e-type=\"widget\" data-widget_type=\"heading.default\">\n\t\t\t\t<div class=\"elementor-widget-container\">\n\t\t\t\t\t<span class=\"elementor-heading-title elementor-size-default\">Para m\u00e1s informaci\u00f3n o para inscribirte\u00a0<\/span>\t\t\t\t<\/div>\n\t\t\t\t<\/div>\n\t\t\t\t<section class=\"elementor-section elementor-inner-section elementor-element elementor-element-12d95fd elementor-section-boxed elementor-section-height-default elementor-section-height-default\" data-id=\"12d95fd\" data-element_type=\"section\" data-e-type=\"section\">\n\t\t\t\t\t\t<div class=\"elementor-container elementor-column-gap-default\">\n\t\t\t\t\t<div class=\"elementor-column elementor-col-50 elementor-inner-column elementor-element elementor-element-fec7616\" data-id=\"fec7616\" data-element_type=\"column\" data-e-type=\"column\">\n\t\t\t<div class=\"elementor-widget-wrap elementor-element-populated\">\n\t\t\t\t\t\t<div class=\"elementor-element elementor-element-d85cc86 elementor-align-center elementor-widget elementor-widget-button\" data-id=\"d85cc86\" data-element_type=\"widget\" data-e-type=\"widget\" data-widget_type=\"button.default\">\n\t\t\t\t<div class=\"elementor-widget-container\">\n\t\t\t\t\t\t\t\t\t<div class=\"elementor-button-wrapper\">\n\t\t\t\t\t<a class=\"elementor-button elementor-button-link elementor-size-lg\" href=\"tel:19204524673\">\n\t\t\t\t\t\t<span class=\"elementor-button-content-wrapper\">\n\t\t\t\t\t\t<span class=\"elementor-button-icon\">\n\t\t\t\t<i aria-hidden=\"true\" class=\"fas fa-phone-alt\"><\/i>\t\t\t<\/span>\n\t\t\t\t\t\t\t\t\t<span class=\"elementor-button-text\">LLAMAR<\/span>\n\t\t\t\t\t<\/span>\n\t\t\t\t\t<\/a>\n\t\t\t\t<\/div>\n\t\t\t\t\t\t\t\t<\/div>\n\t\t\t\t<\/div>\n\t\t\t\t\t<\/div>\n\t\t<\/div>\n\t\t\t\t<div class=\"elementor-column elementor-col-50 elementor-inner-column elementor-element elementor-element-fbd9ebb\" data-id=\"fbd9ebb\" data-element_type=\"column\" data-e-type=\"column\" data-settings=\"{&quot;background_background&quot;:&quot;classic&quot;}\">\n\t\t\t<div class=\"elementor-widget-wrap elementor-element-populated\">\n\t\t\t\t\t\t<div class=\"elementor-element elementor-element-d2cd55e elementor-align-center elementor-widget elementor-widget-button\" data-id=\"d2cd55e\" data-element_type=\"widget\" data-e-type=\"widget\" data-widget_type=\"button.default\">\n\t\t\t\t<div class=\"elementor-widget-container\">\n\t\t\t\t\t\t\t\t\t<div class=\"elementor-button-wrapper\">\n\t\t\t\t\t<a class=\"elementor-button elementor-button-link elementor-size-lg\" href=\"sms:19204524673\">\n\t\t\t\t\t\t<span class=\"elementor-button-content-wrapper\">\n\t\t\t\t\t\t<span class=\"elementor-button-icon\">\n\t\t\t\t<i aria-hidden=\"true\" class=\"fas fa-comment\"><\/i>\t\t\t<\/span>\n\t\t\t\t\t\t\t\t\t<span class=\"elementor-button-text\">TEXTO<\/span>\n\t\t\t\t\t<\/span>\n\t\t\t\t\t<\/a>\n\t\t\t\t<\/div>\n\t\t\t\t\t\t\t\t<\/div>\n\t\t\t\t<\/div>\n\t\t\t\t\t<\/div>\n\t\t<\/div>\n\t\t\t\t\t<\/div>\n\t\t<\/section>\n\t\t\t\t\t<\/div>\n\t\t<\/div>\n\t\t\t\t\t<\/div>\n\t\t<\/section>\n\t\t\t\t<\/div>","protected":false},"excerpt":{"rendered":"<p>\u00bfEs usted padre primerizo o padre experimentado que busca apoyo? Estamos aqu\u00ed para ti. Nuestros servicios de apoyo para padres incluyen clases para padres pr\u00e1cticas, aplicables y relacionadas a trav\u00e9s de nuestro programa Gane mientras aprende (EWYL). Nuestras clases est\u00e1n dise\u00f1adas para ser individuales con usted y uno de nuestros defensores capacitados, para que pueda [\u2026]<\/p>","protected":false},"author":18,"featured_media":2273,"parent":0,"menu_order":0,"comment_status":"closed","ping_status":"closed","template":"elementor_header_footer","meta":{"_acf_changed":false,"footnotes":""},"class_list":["post-246","page","type-page","status-publish","has-post-thumbnail","hentry"],"acf":[],"yoast_head":"<!-- This site is optimized with the Yoast SEO plugin v26.8 - https:\/\/yoast.com\/product\/yoast-seo-wordpress\/ -->\n<title>Parenting Support - Anchor of Hope<\/title>\n<meta name=\"description\" content=\"Are you a first time parent or a seasoned parent looking for support? We are here for you.Our parenting support services include practical applicable and\" \/>\n<meta name=\"robots\" content=\"index, follow, max-snippet:-1, max-image-preview:large, max-video-preview:-1\" \/>\n<link rel=\"canonical\" href=\"http:\/\/anchorofhopewi.clmstaging.com\/es\/parenting-support\/\" \/>\n<meta property=\"og:locale\" content=\"es_MX\" \/>\n<meta property=\"og:type\" content=\"article\" \/>\n<meta property=\"og:title\" content=\"Parenting Support - Anchor of Hope\" \/>\n<meta property=\"og:description\" content=\"Are you a first time parent or a seasoned parent looking for support? We are here for you.Our parenting support services include practical applicable and\" \/>\n<meta property=\"og:url\" content=\"http:\/\/anchorofhopewi.clmstaging.com\/es\/parenting-support\/\" \/>\n<meta property=\"og:site_name\" content=\"Anchor of Hope\" \/>\n<meta property=\"article:modified_time\" content=\"2023-10-17T02:12:05+00:00\" \/>\n<meta property=\"og:image\" content=\"http:\/\/anchorofhopewi.clmstaging.com\/wp-content\/uploads\/2021\/09\/classes-page-img.jpg\" \/>\n\t<meta property=\"og:image:width\" content=\"1382\" \/>\n\t<meta property=\"og:image:height\" content=\"461\" \/>\n\t<meta property=\"og:image:type\" content=\"image\/jpeg\" \/>\n<meta name=\"twitter:card\" content=\"summary_large_image\" \/>\n<meta name=\"twitter:label1\" content=\"Tiempo de lectura\" \/>\n\t<meta name=\"twitter:data1\" content=\"4 minutos\" \/>\n<!-- \/ Yoast SEO plugin. -->","yoast_head_json":{"title":"Apoyo para padres - Anchor of Hope","description":"\u00bfEs usted padre o madre primerizo o tiene experiencia y busca apoyo? Estamos aqu\u00ed para ayudarle. Nuestros servicios de apoyo para padres incluyen recursos pr\u00e1cticos y aplicables.","robots":{"index":"index","follow":"follow","max-snippet":"max-snippet:-1","max-image-preview":"max-image-preview:large","max-video-preview":"max-video-preview:-1"},"canonical":"http:\/\/anchorofhopewi.clmstaging.com\/es\/parenting-support\/","og_locale":"es_MX","og_type":"article","og_title":"Parenting Support - Anchor of Hope","og_description":"Are you a first time parent or a seasoned parent looking for support? We are here for you.Our parenting support services include practical applicable and","og_url":"http:\/\/anchorofhopewi.clmstaging.com\/es\/parenting-support\/","og_site_name":"Anchor of Hope","article_modified_time":"2023-10-17T02:12:05+00:00","og_image":[{"width":1382,"height":461,"url":"http:\/\/anchorofhopewi.clmstaging.com\/wp-content\/uploads\/2021\/09\/classes-page-img.jpg","type":"image\/jpeg"}],"twitter_card":"summary_large_image","twitter_misc":{"Tiempo de lectura":"4 minutos"},"schema":{"@context":"https:\/\/schema.org","@graph":[{"@type":"WebPage","@id":"http:\/\/anchorofhopewi.clmstaging.com\/parenting-support\/","url":"http:\/\/anchorofhopewi.clmstaging.com\/parenting-support\/","name":"Apoyo para padres - Anchor of Hope","isPartOf":{"@id":"http:\/\/anchorofhopewi.clmstaging.com\/#website"},"primaryImageOfPage":{"@id":"http:\/\/anchorofhopewi.clmstaging.com\/parenting-support\/#primaryimage"},"image":{"@id":"http:\/\/anchorofhopewi.clmstaging.com\/parenting-support\/#primaryimage"},"thumbnailUrl":"http:\/\/anchorofhopewi.clmstaging.com\/wp-content\/uploads\/2021\/09\/classes-page-img.jpg","datePublished":"2019-10-24T07:14:21+00:00","dateModified":"2023-10-17T02:12:05+00:00","description":"\u00bfEs usted padre o madre primerizo o tiene experiencia y busca apoyo? Estamos aqu\u00ed para ayudarle. Nuestros servicios de apoyo para padres incluyen recursos pr\u00e1cticos y aplicables.","breadcrumb":{"@id":"http:\/\/anchorofhopewi.clmstaging.com\/parenting-support\/#breadcrumb"},"inLanguage":"es","potentialAction":[{"@type":"ReadAction","target":["http:\/\/anchorofhopewi.clmstaging.com\/parenting-support\/"]}]},{"@type":"ImageObject","inLanguage":"es","@id":"http:\/\/anchorofhopewi.clmstaging.com\/parenting-support\/#primaryimage","url":"http:\/\/anchorofhopewi.clmstaging.com\/wp-content\/uploads\/2021\/09\/classes-page-img.jpg","contentUrl":"http:\/\/anchorofhopewi.clmstaging.com\/wp-content\/uploads\/2021\/09\/classes-page-img.jpg","width":1382,"height":461},{"@type":"BreadcrumbList","@id":"http:\/\/anchorofhopewi.clmstaging.com\/parenting-support\/#breadcrumb","itemListElement":[{"@type":"ListItem","position":1,"name":"Home","item":"http:\/\/anchorofhopewi.clmstaging.com\/"},{"@type":"ListItem","position":2,"name":"Parenting Support"}]},{"@type":"WebSite","@id":"http:\/\/anchorofhopewi.clmstaging.com\/#website","url":"http:\/\/anchorofhopewi.clmstaging.com\/","name":"Ancla de esperanza","description":"","publisher":{"@id":"http:\/\/anchorofhopewi.clmstaging.com\/#organization"},"potentialAction":[{"@type":"SearchAction","target":{"@type":"EntryPoint","urlTemplate":"http:\/\/anchorofhopewi.clmstaging.com\/?s={search_term_string}"},"query-input":{"@type":"PropertyValueSpecification","valueRequired":true,"valueName":"search_term_string"}}],"inLanguage":"es"},{"@type":"Organization","@id":"http:\/\/anchorofhopewi.clmstaging.com\/#organization","name":"Ancla de esperanza","url":"http:\/\/anchorofhopewi.clmstaging.com\/","logo":{"@type":"ImageObject","inLanguage":"es","@id":"http:\/\/anchorofhopewi.clmstaging.com\/#\/schema\/logo\/image\/","url":"http:\/\/anchorofhopewi.clmstaging.com\/wp-content\/uploads\/2021\/09\/logo-color.png","contentUrl":"http:\/\/anchorofhopewi.clmstaging.com\/wp-content\/uploads\/2021\/09\/logo-color.png","width":729,"height":115,"caption":"Anchor of Hope"},"image":{"@id":"http:\/\/anchorofhopewi.clmstaging.com\/#\/schema\/logo\/image\/"}}]}},"_links":{"self":[{"href":"http:\/\/anchorofhopewi.clmstaging.com\/es\/wp-json\/wp\/v2\/pages\/246","targetHints":{"allow":["GET"]}}],"collection":[{"href":"http:\/\/anchorofhopewi.clmstaging.com\/es\/wp-json\/wp\/v2\/pages"}],"about":[{"href":"http:\/\/anchorofhopewi.clmstaging.com\/es\/wp-json\/wp\/v2\/types\/page"}],"author":[{"embeddable":true,"href":"http:\/\/anchorofhopewi.clmstaging.com\/es\/wp-json\/wp\/v2\/users\/18"}],"replies":[{"embeddable":true,"href":"http:\/\/anchorofhopewi.clmstaging.com\/es\/wp-json\/wp\/v2\/comments?post=246"}],"version-history":[{"count":0,"href":"http:\/\/anchorofhopewi.clmstaging.com\/es\/wp-json\/wp\/v2\/pages\/246\/revisions"}],"wp:featuredmedia":[{"embeddable":true,"href":"http:\/\/anchorofhopewi.clmstaging.com\/es\/wp-json\/wp\/v2\/media\/2273"}],"wp:attachment":[{"href":"http:\/\/anchorofhopewi.clmstaging.com\/es\/wp-json\/wp\/v2\/media?parent=246"}],"curies":[{"name":"gracias","href":"https:\/\/api.w.org\/{rel}","templated":true}]}}