{"id":2872,"date":"2022-11-28T22:59:00","date_gmt":"2022-11-29T04:59:00","guid":{"rendered":"http:\/\/anchorofhopewi.clmstaging.com\/?page_id=2872"},"modified":"2023-08-31T14:18:43","modified_gmt":"2023-08-31T20:18:43","slug":"pre-abortion-screening","status":"publish","type":"page","link":"http:\/\/anchorofhopewi.clmstaging.com\/es\/pre-abortion-screening\/","title":{"rendered":"Detecci\u00f3n previa al aborto"},"content":{"rendered":"<div data-elementor-type=\"wp-page\" data-elementor-id=\"2872\" class=\"elementor elementor-2872\" data-elementor-post-type=\"page\">\n\t\t\t\t\t\t<section class=\"elementor-section elementor-top-section elementor-element elementor-element-7f35cc60 elementor-section-height-min-height elementor-section-boxed elementor-section-height-default elementor-section-items-middle\" data-id=\"7f35cc60\" data-element_type=\"section\" data-e-type=\"section\" data-settings=\"{&quot;background_background&quot;:&quot;classic&quot;,&quot;shape_divider_bottom&quot;:&quot;mountains&quot;}\">\n\t\t\t\t\t<div class=\"elementor-shape elementor-shape-bottom\" aria-hidden=\"true\" data-negative=\"false\">\n\t\t\t<svg xmlns=\"http:\/\/www.w3.org\/2000\/svg\" viewbox=\"0 0 1000 100\" preserveaspectratio=\"none\">\n\t<path class=\"elementor-shape-fill\" opacity=\"0.33\" d=\"M473,67.3c-203.9,88.3-263.1-34-320.3,0C66,119.1,0,59.7,0,59.7V0h1000v59.7 c0,0-62.1,26.1-94.9,29.3c-32.8,3.3-62.8-12.3-75.8-22.1C806,49.6,745.3,8.7,694.9,4.7S492.4,59,473,67.3z\"\/>\n\t<path class=\"elementor-shape-fill\" opacity=\"0.66\" d=\"M734,67.3c-45.5,0-77.2-23.2-129.1-39.1c-28.6-8.7-150.3-10.1-254,39.1 s-91.7-34.4-149.2,0C115.7,118.3,0,39.8,0,39.8V0h1000v36.5c0,0-28.2-18.5-92.1-18.5C810.2,18.1,775.7,67.3,734,67.3z\"\/>\n\t<path class=\"elementor-shape-fill\" d=\"M766.1,28.9c-200-57.5-266,65.5-395.1,19.5C242,1.8,242,5.4,184.8,20.6C128,35.8,132.3,44.9,89.9,52.5C28.6,63.7,0,0,0,0 h1000c0,0-9.9,40.9-83.6,48.1S829.6,47,766.1,28.9z\"\/>\n<\/svg>\t\t<\/div>\n\t\t\t\t\t<div class=\"elementor-container elementor-column-gap-default\">\n\t\t\t\t\t<div class=\"elementor-column elementor-col-100 elementor-top-column elementor-element elementor-element-26c31087\" data-id=\"26c31087\" data-element_type=\"column\" data-e-type=\"column\">\n\t\t\t<div class=\"elementor-widget-wrap elementor-element-populated\">\n\t\t\t\t\t\t\t<\/div>\n\t\t<\/div>\n\t\t\t\t\t<\/div>\n\t\t<\/section>\n\t\t\t\t<section class=\"elementor-section elementor-top-section elementor-element elementor-element-3063a78f elementor-section-boxed elementor-section-height-default elementor-section-height-default\" data-id=\"3063a78f\" data-element_type=\"section\" data-e-type=\"section\">\n\t\t\t\t\t\t<div class=\"elementor-container elementor-column-gap-default\">\n\t\t\t\t\t<div class=\"elementor-column elementor-col-100 elementor-top-column elementor-element elementor-element-41bd19b3\" data-id=\"41bd19b3\" data-element_type=\"column\" data-e-type=\"column\">\n\t\t\t<div class=\"elementor-widget-wrap elementor-element-populated\">\n\t\t\t\t\t\t<div class=\"elementor-element elementor-element-1e90f993 elementor-widget elementor-widget-heading\" data-id=\"1e90f993\" data-element_type=\"widget\" data-e-type=\"widget\" data-widget_type=\"heading.default\">\n\t\t\t\t<div class=\"elementor-widget-container\">\n\t\t\t\t\t<span class=\"elementor-heading-title elementor-size-default\">Estoy pensando en abortar. \u00bfAun as\u00ed debo programar una cita? S\u00ed.<\/span>\t\t\t\t<\/div>\n\t\t\t\t<\/div>\n\t\t\t\t<div class=\"elementor-element elementor-element-2bd46d85 elementor-widget elementor-widget-text-editor\" data-id=\"2bd46d85\" data-element_type=\"widget\" data-e-type=\"widget\" data-widget_type=\"text-editor.default\">\n\t\t\t\t<div class=\"elementor-widget-container\">\n\t\t\t\t\t\t\t\t\t<p><strong>Si usted esta:<\/strong><\/p><ul><li>considerando programar un aborto en un centro,<\/li><li>ya tiene un aborto programado, o<\/li><li>He pedido las pastillas abortivas por correo.<br \/><br \/><\/li><\/ul><p><strong>Estamos aqu\u00ed para hablar sobre todas sus opciones y responder cualquier pregunta que pueda tener sobre:<\/strong><\/p><ul><li>el procedimiento de aborto,<\/li><li>su etapa actual de su embarazo,<\/li><li>efectos secundarios, o<\/li><li>cualquier otra pregunta que puedas tener.<\/li><\/ul>\t\t\t\t\t\t\t\t<\/div>\n\t\t\t\t<\/div>\n\t\t\t\t<div class=\"elementor-element elementor-element-6d0e1fef elementor-widget elementor-widget-heading\" data-id=\"6d0e1fef\" data-element_type=\"widget\" data-e-type=\"widget\" data-widget_type=\"heading.default\">\n\t\t\t\t<div class=\"elementor-widget-container\">\n\t\t\t\t\t<h5 class=\"elementor-heading-title elementor-size-default\">\u00bfPor qu\u00e9 es importante la detecci\u00f3n preaborto?<\/h5>\t\t\t\t<\/div>\n\t\t\t\t<\/div>\n\t\t\t\t<div class=\"elementor-element elementor-element-463bf94 elementor-widget elementor-widget-text-editor\" data-id=\"463bf94\" data-element_type=\"widget\" data-e-type=\"widget\" data-widget_type=\"text-editor.default\">\n\t\t\t\t<div class=\"elementor-widget-container\">\n\t\t\t\t\t\t\t\t\t<ul><li><span style=\"background-color: transparent; color: var( --e-global-color-text );\">Precisi\u00f3n de la fecha de vencimiento<\/span><\/li><li>Embarazos ect\u00f3picos<\/li><li>Educar y empoderar<\/li><li>abortos espont\u00e1neos<\/li><li>Riesgos de salud<\/li><li>Afectos costosos<\/li><li>Decisi\u00f3n definitiva<\/li><\/ul>\t\t\t\t\t\t\t\t<\/div>\n\t\t\t\t<\/div>\n\t\t\t\t\t<\/div>\n\t\t<\/div>\n\t\t\t\t\t<\/div>\n\t\t<\/section>\n\t\t\t\t<section class=\"elementor-section elementor-top-section elementor-element elementor-element-52aa491 elementor-section-boxed elementor-section-height-default elementor-section-height-default\" data-id=\"52aa491\" data-element_type=\"section\" data-e-type=\"section\">\n\t\t\t\t\t\t<div class=\"elementor-container elementor-column-gap-default\">\n\t\t\t\t\t<div class=\"elementor-column elementor-col-100 elementor-top-column elementor-element elementor-element-bd5ee12\" data-id=\"bd5ee12\" data-element_type=\"column\" data-e-type=\"column\">\n\t\t\t<div class=\"elementor-widget-wrap elementor-element-populated\">\n\t\t\t\t\t\t<div class=\"elementor-element elementor-element-7a6c07b1 elementor-widget elementor-widget-heading\" data-id=\"7a6c07b1\" data-element_type=\"widget\" data-e-type=\"widget\" data-widget_type=\"heading.default\">\n\t\t\t\t<div class=\"elementor-widget-container\">\n\t\t\t\t\t<span class=\"elementor-heading-title elementor-size-default\">Qu\u00e9 esperar en su cita<\/span>\t\t\t\t<\/div>\n\t\t\t\t<\/div>\n\t\t\t\t<div class=\"elementor-element elementor-element-587501ac elementor-widget elementor-widget-text-editor\" data-id=\"587501ac\" data-element_type=\"widget\" data-e-type=\"widget\" data-widget_type=\"text-editor.default\">\n\t\t\t\t<div class=\"elementor-widget-container\">\n\t\t\t\t\t\t\t\t\t<p><span style=\"font-weight: 400;\">Durante una cita de evaluaci\u00f3n previa al aborto, nuestros profesionales m\u00e9dicos autorizados discutir\u00e1n cosas que quiz\u00e1s desee saber antes de tomar una decisi\u00f3n de aborto, como embarazos ect\u00f3picos, abortos espont\u00e1neos, riesgos para la salud, ETS\/ITS, opciones y m\u00e1s.\u00a0<\/span><\/p>\t\t\t\t\t\t\t\t<\/div>\n\t\t\t\t<\/div>\n\t\t\t\t\t<\/div>\n\t\t<\/div>\n\t\t\t\t\t<\/div>\n\t\t<\/section>\n\t\t\t\t<section class=\"elementor-section elementor-top-section elementor-element elementor-element-08cc855 elementor-section-boxed elementor-section-height-default elementor-section-height-default\" data-id=\"08cc855\" data-element_type=\"section\" data-e-type=\"section\" data-settings=\"{&quot;background_background&quot;:&quot;classic&quot;}\">\n\t\t\t\t\t\t<div class=\"elementor-container elementor-column-gap-default\">\n\t\t\t\t\t<div class=\"elementor-column elementor-col-100 elementor-top-column elementor-element elementor-element-057dd8a\" data-id=\"057dd8a\" data-element_type=\"column\" data-e-type=\"column\">\n\t\t\t<div class=\"elementor-widget-wrap elementor-element-populated\">\n\t\t\t\t\t\t<div class=\"elementor-element elementor-element-7d410ae elementor-widget elementor-widget-heading\" data-id=\"7d410ae\" data-element_type=\"widget\" data-e-type=\"widget\" data-widget_type=\"heading.default\">\n\t\t\t\t<div class=\"elementor-widget-container\">\n\t\t\t\t\t<h2 class=\"elementor-heading-title elementor-size-default\">Programe su cita gratuita hoy<\/h2>\t\t\t\t<\/div>\n\t\t\t\t<\/div>\n\t\t\t\t\t<\/div>\n\t\t<\/div>\n\t\t\t\t\t<\/div>\n\t\t<\/section>\n\t\t\t\t<section class=\"elementor-section elementor-top-section elementor-element elementor-element-1ae6bfc elementor-section-boxed elementor-section-height-default elementor-section-height-default\" data-id=\"1ae6bfc\" data-element_type=\"section\" data-e-type=\"section\">\n\t\t\t\t\t\t<div class=\"elementor-container elementor-column-gap-default\">\n\t\t\t\t\t<div class=\"elementor-column elementor-col-100 elementor-top-column elementor-element elementor-element-1d88a70\" data-id=\"1d88a70\" data-element_type=\"column\" data-e-type=\"column\">\n\t\t\t<div class=\"elementor-widget-wrap elementor-element-populated\">\n\t\t\t\t\t\t<section class=\"elementor-section elementor-inner-section elementor-element elementor-element-fe4c4df elementor-section-boxed elementor-section-height-default elementor-section-height-default\" data-id=\"fe4c4df\" data-element_type=\"section\" data-e-type=\"section\">\n\t\t\t\t\t\t<div class=\"elementor-container elementor-column-gap-default\">\n\t\t\t\t\t<div class=\"elementor-column elementor-col-33 elementor-inner-column elementor-element elementor-element-e75a5c0\" data-id=\"e75a5c0\" data-element_type=\"column\" data-e-type=\"column\">\n\t\t\t<div class=\"elementor-widget-wrap elementor-element-populated\">\n\t\t\t\t\t\t<div class=\"elementor-element elementor-element-9f11d50 elementor-align-center elementor-widget elementor-widget-button\" data-id=\"9f11d50\" data-element_type=\"widget\" data-e-type=\"widget\" data-widget_type=\"button.default\">\n\t\t\t\t<div class=\"elementor-widget-container\">\n\t\t\t\t\t\t\t\t\t<div class=\"elementor-button-wrapper\">\n\t\t\t\t\t<a class=\"elementor-button elementor-button-link elementor-size-lg\" href=\"tel:19204524673\">\n\t\t\t\t\t\t<span class=\"elementor-button-content-wrapper\">\n\t\t\t\t\t\t<span class=\"elementor-button-icon\">\n\t\t\t\t<i aria-hidden=\"true\" class=\"fas fa-phone-alt\"><\/i>\t\t\t<\/span>\n\t\t\t\t\t\t\t\t\t<span class=\"elementor-button-text\">LLAMAR<\/span>\n\t\t\t\t\t<\/span>\n\t\t\t\t\t<\/a>\n\t\t\t\t<\/div>\n\t\t\t\t\t\t\t\t<\/div>\n\t\t\t\t<\/div>\n\t\t\t\t\t<\/div>\n\t\t<\/div>\n\t\t\t\t<div class=\"elementor-column elementor-col-33 elementor-inner-column elementor-element elementor-element-fbedc10\" data-id=\"fbedc10\" data-element_type=\"column\" data-e-type=\"column\" data-settings=\"{&quot;background_background&quot;:&quot;classic&quot;}\">\n\t\t\t<div class=\"elementor-widget-wrap elementor-element-populated\">\n\t\t\t\t\t\t<div class=\"elementor-element elementor-element-06dfb0c elementor-align-center elementor-widget elementor-widget-button\" data-id=\"06dfb0c\" data-element_type=\"widget\" data-e-type=\"widget\" data-widget_type=\"button.default\">\n\t\t\t\t<div class=\"elementor-widget-container\">\n\t\t\t\t\t\t\t\t\t<div class=\"elementor-button-wrapper\">\n\t\t\t\t\t<a class=\"elementor-button elementor-button-link elementor-size-lg\" href=\"sms:19204524673\">\n\t\t\t\t\t\t<span class=\"elementor-button-content-wrapper\">\n\t\t\t\t\t\t<span class=\"elementor-button-icon\">\n\t\t\t\t<i aria-hidden=\"true\" class=\"fas fa-comment\"><\/i>\t\t\t<\/span>\n\t\t\t\t\t\t\t\t\t<span class=\"elementor-button-text\">TEXTO<\/span>\n\t\t\t\t\t<\/span>\n\t\t\t\t\t<\/a>\n\t\t\t\t<\/div>\n\t\t\t\t\t\t\t\t<\/div>\n\t\t\t\t<\/div>\n\t\t\t\t\t<\/div>\n\t\t<\/div>\n\t\t\t\t<div class=\"elementor-column elementor-col-33 elementor-inner-column elementor-element elementor-element-6c1d0d2\" data-id=\"6c1d0d2\" data-element_type=\"column\" data-e-type=\"column\" data-settings=\"{&quot;background_background&quot;:&quot;classic&quot;}\">\n\t\t\t<div class=\"elementor-widget-wrap elementor-element-populated\">\n\t\t\t\t\t\t<div class=\"elementor-element elementor-element-068a1ad elementor-align-center elementor-widget elementor-widget-button\" data-id=\"068a1ad\" data-element_type=\"widget\" data-e-type=\"widget\" data-widget_type=\"button.default\">\n\t\t\t\t<div class=\"elementor-widget-container\">\n\t\t\t\t\t\t\t\t\t<div class=\"elementor-button-wrapper\">\n\t\t\t\t\t<a class=\"elementor-button elementor-button-link elementor-size-sm\" href=\"http:\/\/anchorofhopewi.clmstaging.com\/es\/appointment-request\/\">\n\t\t\t\t\t\t<span class=\"elementor-button-content-wrapper\">\n\t\t\t\t\t\t<span class=\"elementor-button-icon\">\n\t\t\t\t<i aria-hidden=\"true\" class=\"far fa-calendar-alt\"><\/i>\t\t\t<\/span>\n\t\t\t\t\t\t\t\t\t<span class=\"elementor-button-text\">CRONOGRAMA<\/span>\n\t\t\t\t\t<\/span>\n\t\t\t\t\t<\/a>\n\t\t\t\t<\/div>\n\t\t\t\t\t\t\t\t<\/div>\n\t\t\t\t<\/div>\n\t\t\t\t\t<\/div>\n\t\t<\/div>\n\t\t\t\t\t<\/div>\n\t\t<\/section>\n\t\t\t\t\t<\/div>\n\t\t<\/div>\n\t\t\t\t\t<\/div>\n\t\t<\/section>\n\t\t\t\t<\/div>","protected":false},"excerpt":{"rendered":"<p>Estoy pensando en abortar. \u00bfAun as\u00ed debo programar una cita? S\u00ed. Ya sea que est\u00e9 considerando programar un aborto en un centro, ya tenga un aborto programado o haya ordenado las p\u00edldoras abortivas por correo. Estamos aqu\u00ed para hablar sobre todas sus opciones y responder cualquier pregunta que pueda tener [\u2026]<\/p>","protected":false},"author":18,"featured_media":0,"parent":0,"menu_order":0,"comment_status":"closed","ping_status":"closed","template":"elementor_header_footer","meta":{"_acf_changed":false,"footnotes":""},"class_list":["post-2872","page","type-page","status-publish","hentry"],"acf":[],"yoast_head":"<!-- This site is optimized with the Yoast SEO plugin v26.8 - https:\/\/yoast.com\/product\/yoast-seo-wordpress\/ -->\n<title>Pre-Abortion Screening - Anchor of Hope<\/title>\n<meta name=\"description\" content=\"I\u2019m thinking of getting an abortion. Should I still make an appointment? Yes. Whether you are:considering scheduling an abortion at a facility,already\" \/>\n<meta name=\"robots\" content=\"index, follow, max-snippet:-1, max-image-preview:large, max-video-preview:-1\" \/>\n<link rel=\"canonical\" href=\"http:\/\/anchorofhopewi.clmstaging.com\/es\/pre-abortion-screening\/\" \/>\n<meta property=\"og:locale\" content=\"es_MX\" \/>\n<meta property=\"og:type\" content=\"article\" \/>\n<meta property=\"og:title\" content=\"Pre-Abortion Screening - Anchor of Hope\" \/>\n<meta property=\"og:description\" content=\"I\u2019m thinking of getting an abortion. Should I still make an appointment? Yes. Whether you are:considering scheduling an abortion at a facility,already\" \/>\n<meta property=\"og:url\" content=\"http:\/\/anchorofhopewi.clmstaging.com\/es\/pre-abortion-screening\/\" \/>\n<meta property=\"og:site_name\" content=\"Anchor of Hope\" \/>\n<meta property=\"article:modified_time\" content=\"2023-08-31T20:18:43+00:00\" \/>\n<meta name=\"twitter:card\" content=\"summary_large_image\" \/>\n<meta name=\"twitter:label1\" content=\"Tiempo de lectura\" \/>\n\t<meta name=\"twitter:data1\" content=\"2 minutos\" \/>\n<!-- \/ Yoast SEO plugin. -->","yoast_head_json":{"title":"Pre-Abortion Screening - Anchor of Hope","description":"I\u2019m thinking of getting an abortion. Should I still make an appointment? Yes. Whether you are:considering scheduling an abortion at a facility,already","robots":{"index":"index","follow":"follow","max-snippet":"max-snippet:-1","max-image-preview":"max-image-preview:large","max-video-preview":"max-video-preview:-1"},"canonical":"http:\/\/anchorofhopewi.clmstaging.com\/es\/pre-abortion-screening\/","og_locale":"es_MX","og_type":"article","og_title":"Pre-Abortion Screening - Anchor of Hope","og_description":"I\u2019m thinking of getting an abortion. Should I still make an appointment? Yes. Whether you are:considering scheduling an abortion at a facility,already","og_url":"http:\/\/anchorofhopewi.clmstaging.com\/es\/pre-abortion-screening\/","og_site_name":"Anchor of Hope","article_modified_time":"2023-08-31T20:18:43+00:00","twitter_card":"summary_large_image","twitter_misc":{"Tiempo de lectura":"2 minutos"},"schema":{"@context":"https:\/\/schema.org","@graph":[{"@type":"WebPage","@id":"http:\/\/anchorofhopewi.clmstaging.com\/pre-abortion-screening\/","url":"http:\/\/anchorofhopewi.clmstaging.com\/pre-abortion-screening\/","name":"Pre-Abortion Screening - Anchor of Hope","isPartOf":{"@id":"http:\/\/anchorofhopewi.clmstaging.com\/#website"},"datePublished":"2022-11-29T04:59:00+00:00","dateModified":"2023-08-31T20:18:43+00:00","description":"I\u2019m thinking of getting an abortion. Should I still make an appointment? Yes. Whether you are:considering scheduling an abortion at a facility,already","breadcrumb":{"@id":"http:\/\/anchorofhopewi.clmstaging.com\/pre-abortion-screening\/#breadcrumb"},"inLanguage":"es","potentialAction":[{"@type":"ReadAction","target":["http:\/\/anchorofhopewi.clmstaging.com\/pre-abortion-screening\/"]}]},{"@type":"BreadcrumbList","@id":"http:\/\/anchorofhopewi.clmstaging.com\/pre-abortion-screening\/#breadcrumb","itemListElement":[{"@type":"ListItem","position":1,"name":"Home","item":"http:\/\/anchorofhopewi.clmstaging.com\/"},{"@type":"ListItem","position":2,"name":"Pre-Abortion Screening"}]},{"@type":"WebSite","@id":"http:\/\/anchorofhopewi.clmstaging.com\/#website","url":"http:\/\/anchorofhopewi.clmstaging.com\/","name":"Ancla de esperanza","description":"","publisher":{"@id":"http:\/\/anchorofhopewi.clmstaging.com\/#organization"},"potentialAction":[{"@type":"SearchAction","target":{"@type":"EntryPoint","urlTemplate":"http:\/\/anchorofhopewi.clmstaging.com\/?s={search_term_string}"},"query-input":{"@type":"PropertyValueSpecification","valueRequired":true,"valueName":"search_term_string"}}],"inLanguage":"es"},{"@type":"Organization","@id":"http:\/\/anchorofhopewi.clmstaging.com\/#organization","name":"Ancla de esperanza","url":"http:\/\/anchorofhopewi.clmstaging.com\/","logo":{"@type":"ImageObject","inLanguage":"es","@id":"http:\/\/anchorofhopewi.clmstaging.com\/#\/schema\/logo\/image\/","url":"http:\/\/anchorofhopewi.clmstaging.com\/wp-content\/uploads\/2021\/09\/logo-color.png","contentUrl":"http:\/\/anchorofhopewi.clmstaging.com\/wp-content\/uploads\/2021\/09\/logo-color.png","width":729,"height":115,"caption":"Anchor of Hope"},"image":{"@id":"http:\/\/anchorofhopewi.clmstaging.com\/#\/schema\/logo\/image\/"}}]}},"_links":{"self":[{"href":"http:\/\/anchorofhopewi.clmstaging.com\/es\/wp-json\/wp\/v2\/pages\/2872","targetHints":{"allow":["GET"]}}],"collection":[{"href":"http:\/\/anchorofhopewi.clmstaging.com\/es\/wp-json\/wp\/v2\/pages"}],"about":[{"href":"http:\/\/anchorofhopewi.clmstaging.com\/es\/wp-json\/wp\/v2\/types\/page"}],"author":[{"embeddable":true,"href":"http:\/\/anchorofhopewi.clmstaging.com\/es\/wp-json\/wp\/v2\/users\/18"}],"replies":[{"embeddable":true,"href":"http:\/\/anchorofhopewi.clmstaging.com\/es\/wp-json\/wp\/v2\/comments?post=2872"}],"version-history":[{"count":0,"href":"http:\/\/anchorofhopewi.clmstaging.com\/es\/wp-json\/wp\/v2\/pages\/2872\/revisions"}],"wp:attachment":[{"href":"http:\/\/anchorofhopewi.clmstaging.com\/es\/wp-json\/wp\/v2\/media?parent=2872"}],"curies":[{"name":"gracias","href":"https:\/\/api.w.org\/{rel}","templated":true}]}}