{"id":2899,"date":"2022-11-28T23:32:58","date_gmt":"2022-11-29T05:32:58","guid":{"rendered":"http:\/\/anchorofhopewi.clmstaging.com\/?page_id=2899"},"modified":"2024-12-06T05:58:08","modified_gmt":"2024-12-06T11:58:08","slug":"for-partners","status":"publish","type":"page","link":"http:\/\/anchorofhopewi.clmstaging.com\/es\/for-partners\/","title":{"rendered":"Para socios"},"content":{"rendered":"<div data-elementor-type=\"wp-page\" data-elementor-id=\"2899\" class=\"elementor elementor-2899\" data-elementor-post-type=\"page\">\n\t\t\t\t\t\t<section class=\"elementor-section elementor-top-section elementor-element elementor-element-15c29bba elementor-section-height-min-height elementor-section-boxed elementor-section-height-default elementor-section-items-middle\" data-id=\"15c29bba\" data-element_type=\"section\" data-e-type=\"section\" data-settings=\"{&quot;background_background&quot;:&quot;classic&quot;,&quot;shape_divider_bottom&quot;:&quot;mountains&quot;}\">\n\t\t\t\t\t<div class=\"elementor-shape elementor-shape-bottom\" aria-hidden=\"true\" data-negative=\"false\">\n\t\t\t<svg xmlns=\"http:\/\/www.w3.org\/2000\/svg\" viewbox=\"0 0 1000 100\" preserveaspectratio=\"none\">\n\t<path class=\"elementor-shape-fill\" opacity=\"0.33\" d=\"M473,67.3c-203.9,88.3-263.1-34-320.3,0C66,119.1,0,59.7,0,59.7V0h1000v59.7 c0,0-62.1,26.1-94.9,29.3c-32.8,3.3-62.8-12.3-75.8-22.1C806,49.6,745.3,8.7,694.9,4.7S492.4,59,473,67.3z\"\/>\n\t<path class=\"elementor-shape-fill\" opacity=\"0.66\" d=\"M734,67.3c-45.5,0-77.2-23.2-129.1-39.1c-28.6-8.7-150.3-10.1-254,39.1 s-91.7-34.4-149.2,0C115.7,118.3,0,39.8,0,39.8V0h1000v36.5c0,0-28.2-18.5-92.1-18.5C810.2,18.1,775.7,67.3,734,67.3z\"\/>\n\t<path class=\"elementor-shape-fill\" d=\"M766.1,28.9c-200-57.5-266,65.5-395.1,19.5C242,1.8,242,5.4,184.8,20.6C128,35.8,132.3,44.9,89.9,52.5C28.6,63.7,0,0,0,0 h1000c0,0-9.9,40.9-83.6,48.1S829.6,47,766.1,28.9z\"\/>\n<\/svg>\t\t<\/div>\n\t\t\t\t\t<div class=\"elementor-container elementor-column-gap-default\">\n\t\t\t\t\t<div class=\"elementor-column elementor-col-100 elementor-top-column elementor-element elementor-element-3b14c0c4\" data-id=\"3b14c0c4\" data-element_type=\"column\" data-e-type=\"column\">\n\t\t\t<div class=\"elementor-widget-wrap elementor-element-populated\">\n\t\t\t\t\t\t\t<\/div>\n\t\t<\/div>\n\t\t\t\t\t<\/div>\n\t\t<\/section>\n\t\t\t\t<section class=\"elementor-section elementor-top-section elementor-element elementor-element-123b6ff0 elementor-section-boxed elementor-section-height-default elementor-section-height-default\" data-id=\"123b6ff0\" data-element_type=\"section\" data-e-type=\"section\">\n\t\t\t\t\t\t<div class=\"elementor-container elementor-column-gap-default\">\n\t\t\t\t\t<div class=\"elementor-column elementor-col-50 elementor-top-column elementor-element elementor-element-6e8680ee\" data-id=\"6e8680ee\" data-element_type=\"column\" data-e-type=\"column\">\n\t\t\t<div class=\"elementor-widget-wrap elementor-element-populated\">\n\t\t\t\t\t\t<div class=\"elementor-element elementor-element-1d2ca9d elementor-widget elementor-widget-heading\" data-id=\"1d2ca9d\" data-element_type=\"widget\" data-e-type=\"widget\" data-widget_type=\"heading.default\">\n\t\t\t\t<div class=\"elementor-widget-container\">\n\t\t\t\t\t<h4 class=\"elementor-heading-title elementor-size-default\">Ella me dijo que cree que puede estar embarazada. \u00bf\u00a1Ahora que!?<\/h4>\t\t\t\t<\/div>\n\t\t\t\t<\/div>\n\t\t\t\t<div class=\"elementor-element elementor-element-77e6d1d8 elementor-widget elementor-widget-text-editor\" data-id=\"77e6d1d8\" data-element_type=\"widget\" data-e-type=\"widget\" data-widget_type=\"text-editor.default\">\n\t\t\t\t<div class=\"elementor-widget-container\">\n\t\t\t\t\t\t\t\t\t<div class=\"et_pb_column et_pb_column_2_3 et_pb_column_1_tb_body et_pb_css_mix_blend_mode_passthrough\"><div class=\"et_pb_module et_pb_post_content et_pb_post_content_0_tb_body\"><div class=\"et-l et-l--post\"><div class=\"et_builder_inner_content et_pb_gutters3\"><div class=\"et_pb_section et_pb_section_0 et_section_regular\"><div class=\"et_pb_row et_pb_row_0 et_had_animation\"><div class=\"et_pb_column et_pb_column_4_4 et_pb_column_0 et_pb_css_mix_blend_mode_passthrough et-last-child\"><div class=\"et_pb_module et_pb_text et_pb_text_0 et_pb_text_align_left et_pb_bg_layout_light\"><div class=\"et_pb_text_inner\"><p><span style=\"font-weight: 400;\">Aqu\u00ed en Anchor of Hope sabemos que es posible que tengas preguntas que otro chico responder\u00e1 mejor. Contamos con defensores masculinos listos para hablar con usted en un entorno profesional, confidencial y personalizado para alentarlo y apoyarlo.\u00a0<\/span><\/p><p><span style=\"font-weight: 400;\">Con su permiso, puedes acompa\u00f1ar a tu pareja en la primera cita.\u00a0<\/span><\/p><\/div><\/div><\/div><\/div><\/div><\/div><\/div><\/div><\/div>\t\t\t\t\t\t\t\t<\/div>\n\t\t\t\t<\/div>\n\t\t\t\t\t<\/div>\n\t\t<\/div>\n\t\t\t\t<div class=\"elementor-column elementor-col-50 elementor-top-column elementor-element elementor-element-4dc49497\" data-id=\"4dc49497\" data-element_type=\"column\" data-e-type=\"column\">\n\t\t\t<div class=\"elementor-widget-wrap elementor-element-populated\">\n\t\t\t\t\t\t<div class=\"elementor-element elementor-element-4e9ce76d elementor-widget elementor-widget-heading\" data-id=\"4e9ce76d\" data-element_type=\"widget\" data-e-type=\"widget\" data-widget_type=\"heading.default\">\n\t\t\t\t<div class=\"elementor-widget-container\">\n\t\t\t\t\t<span class=\"elementor-heading-title elementor-size-default\">Pedir una cita\n<\/span>\t\t\t\t<\/div>\n\t\t\t\t<\/div>\n\t\t\t\t<div class=\"elementor-element elementor-element-12de3a85 elementor-widget elementor-widget-shortcode\" data-id=\"12de3a85\" data-element_type=\"widget\" data-e-type=\"widget\" data-widget_type=\"shortcode.default\">\n\t\t\t\t<div class=\"elementor-widget-container\">\n\t\t\t\t\t\t\t<div class=\"elementor-shortcode\"><div class=\"forminator-ui forminator-custom-form forminator-custom-form-2923 forminator-design--default forminator-enclosed forminator_ajax\" data-forminator-render=\"0\" data-form=\"forminator-module-2923\" data-uid=\"69e1cb79f3e9c\"><br\/><\/div><form\r\n\t\t\t\tid=\"forminator-module-2923\"\r\n\t\t\t\tclass=\"forminator-ui forminator-custom-form forminator-custom-form-2923 forminator-design--default forminator-enclosed forminator_ajax\"\r\n\t\t\t\tmethod=\"post\"\r\n\t\t\t\tdata-forminator-render=\"0\"\r\n\t\t\t\tdata-form-id=\"2923\"\r\n\t\t\t\t data-color-option=\"default\" data-design=\"default\" data-grid=\"enclosed\" style=\"display: none;\"\r\n\t\t\t\tdata-uid=\"69e1cb79f3e9c\" action=\"\"\r\n\t\t\t><div role=\"alert\" aria-live=\"polite\" class=\"forminator-response-message forminator-error\" aria-hidden=\"true\"><\/div><div class=\"forminator-row\"><div id=\"name-1\" class=\"forminator-field-name forminator-col forminator-col-12\"><div class=\"forminator-field\"><label for=\"forminator-field-name-1_69e1cb79f3e9c\" id=\"forminator-field-name-1_69e1cb79f3e9c-label\" class=\"forminator-label\">Nombre <span class=\"forminator-required\">*<\/span><\/label><input type=\"text\" name=\"name-1\" value=\"\" placeholder=\"\" id=\"forminator-field-name-1_69e1cb79f3e9c\" class=\"forminator-input forminator-name--field\" aria-required=\"true\" autocomplete=\"name\" \/><\/div><\/div><\/div><div class=\"forminator-row\"><div id=\"email-1\" class=\"forminator-field-email forminator-col forminator-col-12\"><div class=\"forminator-field\"><label for=\"forminator-field-email-1_69e1cb79f3e9c\" id=\"forminator-field-email-1_69e1cb79f3e9c-label\" class=\"forminator-label\">Correo electr\u00f3nico <span class=\"forminator-required\">*<\/span><\/label><input type=\"email\" name=\"email-1\" value=\"\" placeholder=\"\" id=\"forminator-field-email-1_69e1cb79f3e9c\" class=\"forminator-input forminator-email--field\" data-required=\"true\" aria-required=\"true\" autocomplete=\"email\" \/><\/div><\/div><\/div><div class=\"forminator-row\"><div id=\"radio-1\" class=\"forminator-field-radio forminator-col forminator-col-12\"><div role=\"radiogroup\" class=\"forminator-field\" aria-labelledby=\"forminator-radiogroup-radio-1-69e1cb79f3e9c-label\"><span id=\"forminator-radiogroup-radio-1-69e1cb79f3e9c-label\" class=\"forminator-label\">\u00bfPodemos contactar con usted a trav\u00e9s de este correo electr\u00f3nico? <span class=\"forminator-required\">*<\/span><\/span><label id=\"forminator-field-radio-1-label-1\" for=\"forminator-field-radio-1-1-69e1cb79f3e9c\" class=\"forminator-radio forminator-radio-inline\" title=\"S\u00ed\"><input type=\"radio\" name=\"radio-1\" value=\"one\" id=\"forminator-field-radio-1-1-69e1cb79f3e9c\" aria-labelledby=\"forminator-field-radio-1-label-1\" data-calculation=\"0\"  \/><span class=\"forminator-radio-bullet\" aria-hidden=\"true\"><\/span><span class=\"forminator-radio-label\">S\u00ed<\/span><\/label><label id=\"forminator-field-radio-1-label-2\" for=\"forminator-field-radio-1-2-69e1cb79f3e9c\" class=\"forminator-radio forminator-radio-inline\" title=\"No\"><input type=\"radio\" name=\"radio-1\" value=\"two\" id=\"forminator-field-radio-1-2-69e1cb79f3e9c\" aria-labelledby=\"forminator-field-radio-1-label-2\" data-calculation=\"0\"  \/><span class=\"forminator-radio-bullet\" aria-hidden=\"true\"><\/span><span class=\"forminator-radio-label\">No<\/span><\/label><\/div><\/div><\/div><div class=\"forminator-row\"><div id=\"phone-1\" class=\"forminator-field-phone forminator-col forminator-col-12\"><div class=\"forminator-field\"><label for=\"forminator-field-phone-1_69e1cb79f3e9c\" id=\"forminator-field-phone-1_69e1cb79f3e9c-label\" class=\"forminator-label\">N\u00famero de tel\u00e9fono<\/label><input type=\"text\" name=\"phone-1\" value=\"\" placeholder=\"\" id=\"forminator-field-phone-1_69e1cb79f3e9c\" class=\"forminator-input forminator-field--phone\" data-required=\"\" aria-required=\"false\" autocomplete=\"off\" \/><\/div><\/div><\/div><div class=\"forminator-row\"><div id=\"radio-2\" class=\"forminator-field-radio forminator-col forminator-col-12\"><div role=\"radiogroup\" class=\"forminator-field\" aria-labelledby=\"forminator-radiogroup-radio-2-69e1cb79f3e9c-label\"><span id=\"forminator-radiogroup-radio-2-69e1cb79f3e9c-label\" class=\"forminator-label\">\u00bfPodemos dejar un mensaje a este n\u00famero?<\/span><label id=\"forminator-field-radio-2-label-1\" for=\"forminator-field-radio-2-1-69e1cb79f3e9c\" class=\"forminator-radio forminator-radio-inline\" title=\"S\u00ed\"><input type=\"radio\" name=\"radio-2\" value=\"one\" id=\"forminator-field-radio-2-1-69e1cb79f3e9c\" aria-labelledby=\"forminator-field-radio-2-label-1\" data-calculation=\"0\"  \/><span class=\"forminator-radio-bullet\" aria-hidden=\"true\"><\/span><span class=\"forminator-radio-label\">S\u00ed<\/span><\/label><label id=\"forminator-field-radio-2-label-2\" for=\"forminator-field-radio-2-2-69e1cb79f3e9c\" class=\"forminator-radio forminator-radio-inline\" title=\"No\"><input type=\"radio\" name=\"radio-2\" value=\"two\" id=\"forminator-field-radio-2-2-69e1cb79f3e9c\" aria-labelledby=\"forminator-field-radio-2-label-2\" data-calculation=\"0\"  \/><span class=\"forminator-radio-bullet\" aria-hidden=\"true\"><\/span><span class=\"forminator-radio-label\">No<\/span><\/label><\/div><\/div><\/div><div class=\"forminator-row\"><div id=\"checkbox-1\" class=\"forminator-field-checkbox forminator-col forminator-col-12\"><div role=\"group\" class=\"forminator-field required\" aria-labelledby=\"forminator-checkbox-group-forminator-field-checkbox-1-69e1cb79f3e9c-label\"><span id=\"forminator-checkbox-group-forminator-field-checkbox-1-69e1cb79f3e9c-label\" class=\"forminator-label\">Solicito la siguiente atenci\u00f3n: <span class=\"forminator-required\">*<\/span><\/span><label id=\"forminator-field-checkbox-1-1-69e1cb79f3e9c-label\" for=\"forminator-field-checkbox-1-1-69e1cb79f3e9c\" class=\"forminator-checkbox\" title=\"Pruebas y tratamiento de ETS\"><input type=\"checkbox\" name=\"checkbox-1[]\" value=\"one\" id=\"forminator-field-checkbox-1-1-69e1cb79f3e9c\" aria-labelledby=\"forminator-field-checkbox-1-1-69e1cb79f3e9c-label\" data-calculation=\"0\"  \/><span class=\"forminator-checkbox-box\" aria-hidden=\"true\"><\/span><span class=\"forminator-checkbox-label\">Pruebas y tratamiento de ETS<\/span><\/label><label id=\"forminator-field-checkbox-1-2-69e1cb79f3e9c-label\" for=\"forminator-field-checkbox-1-2-69e1cb79f3e9c\" class=\"forminator-checkbox\" title=\"Cuidado de la mujer sana\"><input type=\"checkbox\" name=\"checkbox-1[]\" value=\"two\" id=\"forminator-field-checkbox-1-2-69e1cb79f3e9c\" aria-labelledby=\"forminator-field-checkbox-1-2-69e1cb79f3e9c-label\" data-calculation=\"0\"  \/><span class=\"forminator-checkbox-box\" aria-hidden=\"true\"><\/span><span class=\"forminator-checkbox-label\">Cuidado de la mujer sana<\/span><\/label><label id=\"forminator-field-checkbox-1-3-69e1cb79f3e9c-label\" for=\"forminator-field-checkbox-1-3-69e1cb79f3e9c\" class=\"forminator-checkbox\" title=\"Curaci\u00f3n del aborto\"><input type=\"checkbox\" name=\"checkbox-1[]\" value=\"Abortion-Loss-Support\" id=\"forminator-field-checkbox-1-3-69e1cb79f3e9c\" aria-labelledby=\"forminator-field-checkbox-1-3-69e1cb79f3e9c-label\" data-calculation=\"0\"  \/><span class=\"forminator-checkbox-box\" aria-hidden=\"true\"><\/span><span class=\"forminator-checkbox-label\">Curaci\u00f3n del aborto<\/span><\/label><label id=\"forminator-field-checkbox-1-4-69e1cb79f3e9c-label\" for=\"forminator-field-checkbox-1-4-69e1cb79f3e9c\" class=\"forminator-checkbox\" title=\"Mentor\u00eda de hombre a hombre\"><input type=\"checkbox\" name=\"checkbox-1[]\" value=\"Man-to-Man-Support\" id=\"forminator-field-checkbox-1-4-69e1cb79f3e9c\" aria-labelledby=\"forminator-field-checkbox-1-4-69e1cb79f3e9c-label\" data-calculation=\"0\"  \/><span class=\"forminator-checkbox-box\" aria-hidden=\"true\"><\/span><span class=\"forminator-checkbox-label\">Mentor\u00eda de hombre a hombre<\/span><\/label><\/div><\/div><\/div><div class=\"forminator-row\"><div id=\"radio-3\" class=\"forminator-field-radio forminator-col forminator-col-12\"><div role=\"radiogroup\" class=\"forminator-field\" aria-labelledby=\"forminator-radiogroup-radio-3-69e1cb79f3e9c-label\"><span id=\"forminator-radiogroup-radio-3-69e1cb79f3e9c-label\" class=\"forminator-label\">\u00bfPodemos enviar mensajes de texto y dejar un mensaje a este n\u00famero?<\/span><label id=\"forminator-field-radio-3-label-1\" for=\"forminator-field-radio-3-1-69e1cb79f3e9c\" class=\"forminator-radio forminator-radio-inline\" title=\"S\u00ed\"><input type=\"radio\" name=\"radio-3\" value=\"one\" id=\"forminator-field-radio-3-1-69e1cb79f3e9c\" aria-labelledby=\"forminator-field-radio-3-label-1\" data-calculation=\"0\"  \/><span class=\"forminator-radio-bullet\" aria-hidden=\"true\"><\/span><span class=\"forminator-radio-label\">S\u00ed<\/span><\/label><label id=\"forminator-field-radio-3-label-2\" for=\"forminator-field-radio-3-2-69e1cb79f3e9c\" class=\"forminator-radio forminator-radio-inline\" title=\"No\"><input type=\"radio\" name=\"radio-3\" value=\"two\" id=\"forminator-field-radio-3-2-69e1cb79f3e9c\" aria-labelledby=\"forminator-field-radio-3-label-2\" data-calculation=\"0\"  \/><span class=\"forminator-radio-bullet\" aria-hidden=\"true\"><\/span><span class=\"forminator-radio-label\">No<\/span><\/label><\/div><\/div><\/div><div class=\"forminator-row\"><div id=\"text-1\" class=\"forminator-field-text forminator-col forminator-col-12\"><div class=\"forminator-field\"><label for=\"forminator-field-text-1_69e1cb79f3e9c\" id=\"forminator-field-text-1_69e1cb79f3e9c-label\" class=\"forminator-label\">\u00bfQu\u00e9 d\u00edas y horarios te convienen?<\/label><input type=\"text\" name=\"text-1\" value=\"\" placeholder=\"\" id=\"forminator-field-text-1_69e1cb79f3e9c\" class=\"forminator-input forminator-name--field\" data-required=\"\" \/><\/div><\/div><\/div><div class=\"forminator-row\"><div id=\"textarea-1\" class=\"forminator-field-textarea forminator-col forminator-col-12\"><div class=\"forminator-field\"><label for=\"forminator-field-textarea-1_69e1cb79f3e9c\" id=\"forminator-field-textarea-1_69e1cb79f3e9c-label\" class=\"forminator-label\">Mensaje<\/label><textarea name=\"textarea-1\" placeholder=\"\" id=\"forminator-field-textarea-1_69e1cb79f3e9c\" class=\"forminator-textarea\" rows=\"6\" style=\"min-height:140px;\" maxlength=\"180\" ><\/textarea><span id=\"forminator-field-textarea-1_69e1cb79f3e9c-description\" class=\"forminator-description\"><span data-limit=\"180\" data-type=\"characters\" data-editor=\"\">0 \/ 180<\/span><\/span><\/div><\/div><\/div><input type=\"hidden\" name=\"referer_url\" value=\"\" \/><div class=\"forminator-row forminator-row-last\"><div class=\"forminator-col\"><div class=\"forminator-field\"><button class=\"forminator-button forminator-button-submit\">Enviar formulario<\/button><\/div><\/div><\/div><input type=\"hidden\" id=\"forminator_nonce\" name=\"forminator_nonce\" value=\"f065d87c88\" \/><input type=\"hidden\" name=\"_wp_http_referer\" value=\"\/es\/wp-json\/wp\/v2\/pages\/2899\" \/><input type=\"hidden\" name=\"form_id\" value=\"2923\"><input type=\"hidden\" name=\"page_id\" value=\"2899\"><input type=\"hidden\" name=\"form_type\" value=\"default\"><input type=\"hidden\" name=\"current_url\" value=\"http:\/\/anchorofhopewi.clmstaging.com\/es\/for-partners\/\"><input type=\"hidden\" name=\"render_id\" value=\"0\"><input type=\"hidden\" name=\"action\" value=\"forminator_submit_form_custom-forms\"><input type=\"hidden\" name=\"trp-form-language\" value=\"es\"\/><\/form><\/div>\n\t\t\t\t\t\t<\/div>\n\t\t\t\t<\/div>\n\t\t\t\t<div class=\"elementor-element elementor-element-6cbedc10 elementor-widget elementor-widget-text-editor\" data-id=\"6cbedc10\" data-element_type=\"widget\" data-e-type=\"widget\" data-widget_type=\"text-editor.default\">\n\t\t\t\t<div class=\"elementor-widget-container\">\n\t\t\t\t\t\t\t\t\t<div class=\"et_pb_column et_pb_column_2_3 et_pb_column_1_tb_body et_pb_css_mix_blend_mode_passthrough\"><div class=\"et_pb_module et_pb_post_content et_pb_post_content_0_tb_body\"><div class=\"et-l et-l--post\"><div class=\"et_builder_inner_content et_pb_gutters3\"><div class=\"et_pb_section et_pb_section_0 et_section_regular\"><div class=\"et_pb_row et_pb_row_0 et_had_animation\"><div class=\"et_pb_column et_pb_column_4_4 et_pb_column_0 et_pb_css_mix_blend_mode_passthrough et-last-child\"><div class=\"et_pb_module et_pb_text et_pb_text_0 et_pb_text_align_left et_pb_bg_layout_light\"><div class=\"et_pb_text_inner\"><p><strong>Este formulario no garantiza una cita, la cl\u00ednica se comunicar\u00e1 con usted el siguiente d\u00eda h\u00e1bil para responder algunas preguntas y confirmar que el espacio est\u00e1 disponible. Tenga en cuenta: La correspondencia que env\u00eda en este formulario no es segura. Por favor no env\u00ede informaci\u00f3n confidencial en el cuadro de mensaje de este formulario.<\/strong><\/p><\/div><\/div><\/div><\/div><\/div><\/div><\/div><\/div><\/div>\t\t\t\t\t\t\t\t<\/div>\n\t\t\t\t<\/div>\n\t\t\t\t\t<\/div>\n\t\t<\/div>\n\t\t\t\t\t<\/div>\n\t\t<\/section>\n\t\t\t\t<section class=\"elementor-section elementor-top-section elementor-element elementor-element-b2d76ca elementor-section-boxed elementor-section-height-default elementor-section-height-default\" data-id=\"b2d76ca\" data-element_type=\"section\" data-e-type=\"section\">\n\t\t\t\t\t\t<div class=\"elementor-container elementor-column-gap-default\">\n\t\t\t\t\t<div class=\"elementor-column elementor-col-100 elementor-top-column elementor-element elementor-element-396e644\" data-id=\"396e644\" data-element_type=\"column\" data-e-type=\"column\">\n\t\t\t<div class=\"elementor-widget-wrap elementor-element-populated\">\n\t\t\t\t\t\t<div class=\"elementor-element elementor-element-b787221 elementor-widget elementor-widget-spacer\" data-id=\"b787221\" data-element_type=\"widget\" data-e-type=\"widget\" data-widget_type=\"spacer.default\">\n\t\t\t\t<div class=\"elementor-widget-container\">\n\t\t\t\t\t\t\t<div class=\"elementor-spacer\">\n\t\t\t<div class=\"elementor-spacer-inner\"><\/div>\n\t\t<\/div>\n\t\t\t\t\t\t<\/div>\n\t\t\t\t<\/div>\n\t\t\t\t\t<\/div>\n\t\t<\/div>\n\t\t\t\t\t<\/div>\n\t\t<\/section>\n\t\t\t\t<\/div>","protected":false},"excerpt":{"rendered":"<p>Ella me dijo que cree que puede estar embarazada. \u00bf\u00a1Ahora que!? Aqu\u00ed en Anchor of Hope sabemos que es posible que tengas preguntas que otro chico responder\u00e1 mejor. Contamos con defensores masculinos listos para hablar con usted en un entorno profesional, confidencial y personalizado para alentarlo y apoyarlo. Con su permiso, eres [\u2026]<\/p>","protected":false},"author":18,"featured_media":0,"parent":0,"menu_order":0,"comment_status":"closed","ping_status":"closed","template":"elementor_header_footer","meta":{"_acf_changed":false,"footnotes":""},"class_list":["post-2899","page","type-page","status-publish","hentry"],"acf":[],"yoast_head":"<!-- This site is optimized with the Yoast SEO plugin v26.8 - https:\/\/yoast.com\/product\/yoast-seo-wordpress\/ -->\n<title>Support for Partners During Pregnancy - Sheboygan, WI<\/title>\n<meta name=\"description\" content=\"Find support and answers for partners of pregnant women in Sheboygan. Speak with male advocates and attend appointments together for encouragement and guidance.\" \/>\n<meta name=\"robots\" content=\"index, follow, max-snippet:-1, max-image-preview:large, max-video-preview:-1\" \/>\n<link rel=\"canonical\" href=\"http:\/\/anchorofhopewi.clmstaging.com\/es\/for-partners\/\" \/>\n<meta property=\"og:locale\" content=\"es_MX\" \/>\n<meta property=\"og:type\" content=\"article\" \/>\n<meta property=\"og:title\" content=\"Support for Partners During Pregnancy - Sheboygan, WI\" \/>\n<meta property=\"og:description\" content=\"Find support and answers for partners of pregnant women in Sheboygan. Speak with male advocates and attend appointments together for encouragement and guidance.\" \/>\n<meta property=\"og:url\" content=\"http:\/\/anchorofhopewi.clmstaging.com\/es\/for-partners\/\" \/>\n<meta property=\"og:site_name\" content=\"Anchor of Hope\" \/>\n<meta property=\"article:modified_time\" content=\"2024-12-06T11:58:08+00:00\" \/>\n<meta name=\"twitter:card\" content=\"summary_large_image\" \/>\n<meta name=\"twitter:label1\" content=\"Tiempo de lectura\" \/>\n\t<meta name=\"twitter:data1\" content=\"1 minuto\" \/>\n<!-- \/ Yoast SEO plugin. -->","yoast_head_json":{"title":"Support for Partners During Pregnancy - Sheboygan, WI","description":"Find support and answers for partners of pregnant women in Sheboygan. Speak with male advocates and attend appointments together for encouragement and guidance.","robots":{"index":"index","follow":"follow","max-snippet":"max-snippet:-1","max-image-preview":"max-image-preview:large","max-video-preview":"max-video-preview:-1"},"canonical":"http:\/\/anchorofhopewi.clmstaging.com\/es\/for-partners\/","og_locale":"es_MX","og_type":"article","og_title":"Support for Partners During Pregnancy - Sheboygan, WI","og_description":"Find support and answers for partners of pregnant women in Sheboygan. Speak with male advocates and attend appointments together for encouragement and guidance.","og_url":"http:\/\/anchorofhopewi.clmstaging.com\/es\/for-partners\/","og_site_name":"Anchor of Hope","article_modified_time":"2024-12-06T11:58:08+00:00","twitter_card":"summary_large_image","twitter_misc":{"Tiempo de lectura":"1 minuto"},"schema":{"@context":"https:\/\/schema.org","@graph":[{"@type":"WebPage","@id":"http:\/\/anchorofhopewi.clmstaging.com\/for-partners\/","url":"http:\/\/anchorofhopewi.clmstaging.com\/for-partners\/","name":"Support for Partners During Pregnancy - Sheboygan, WI","isPartOf":{"@id":"http:\/\/anchorofhopewi.clmstaging.com\/#website"},"datePublished":"2022-11-29T05:32:58+00:00","dateModified":"2024-12-06T11:58:08+00:00","description":"Find support and answers for partners of pregnant women in Sheboygan. Speak with male advocates and attend appointments together for encouragement and guidance.","breadcrumb":{"@id":"http:\/\/anchorofhopewi.clmstaging.com\/for-partners\/#breadcrumb"},"inLanguage":"es","potentialAction":[{"@type":"ReadAction","target":["http:\/\/anchorofhopewi.clmstaging.com\/for-partners\/"]}]},{"@type":"BreadcrumbList","@id":"http:\/\/anchorofhopewi.clmstaging.com\/for-partners\/#breadcrumb","itemListElement":[{"@type":"ListItem","position":1,"name":"Home","item":"http:\/\/anchorofhopewi.clmstaging.com\/"},{"@type":"ListItem","position":2,"name":"For Partners"}]},{"@type":"WebSite","@id":"http:\/\/anchorofhopewi.clmstaging.com\/#website","url":"http:\/\/anchorofhopewi.clmstaging.com\/","name":"Ancla de esperanza","description":"","publisher":{"@id":"http:\/\/anchorofhopewi.clmstaging.com\/#organization"},"potentialAction":[{"@type":"SearchAction","target":{"@type":"EntryPoint","urlTemplate":"http:\/\/anchorofhopewi.clmstaging.com\/?s={search_term_string}"},"query-input":{"@type":"PropertyValueSpecification","valueRequired":true,"valueName":"search_term_string"}}],"inLanguage":"es"},{"@type":"Organization","@id":"http:\/\/anchorofhopewi.clmstaging.com\/#organization","name":"Ancla de esperanza","url":"http:\/\/anchorofhopewi.clmstaging.com\/","logo":{"@type":"ImageObject","inLanguage":"es","@id":"http:\/\/anchorofhopewi.clmstaging.com\/#\/schema\/logo\/image\/","url":"http:\/\/anchorofhopewi.clmstaging.com\/wp-content\/uploads\/2021\/09\/logo-color.png","contentUrl":"http:\/\/anchorofhopewi.clmstaging.com\/wp-content\/uploads\/2021\/09\/logo-color.png","width":729,"height":115,"caption":"Anchor of Hope"},"image":{"@id":"http:\/\/anchorofhopewi.clmstaging.com\/#\/schema\/logo\/image\/"}}]}},"_links":{"self":[{"href":"http:\/\/anchorofhopewi.clmstaging.com\/es\/wp-json\/wp\/v2\/pages\/2899","targetHints":{"allow":["GET"]}}],"collection":[{"href":"http:\/\/anchorofhopewi.clmstaging.com\/es\/wp-json\/wp\/v2\/pages"}],"about":[{"href":"http:\/\/anchorofhopewi.clmstaging.com\/es\/wp-json\/wp\/v2\/types\/page"}],"author":[{"embeddable":true,"href":"http:\/\/anchorofhopewi.clmstaging.com\/es\/wp-json\/wp\/v2\/users\/18"}],"replies":[{"embeddable":true,"href":"http:\/\/anchorofhopewi.clmstaging.com\/es\/wp-json\/wp\/v2\/comments?post=2899"}],"version-history":[{"count":0,"href":"http:\/\/anchorofhopewi.clmstaging.com\/es\/wp-json\/wp\/v2\/pages\/2899\/revisions"}],"wp:attachment":[{"href":"http:\/\/anchorofhopewi.clmstaging.com\/es\/wp-json\/wp\/v2\/media?parent=2899"}],"curies":[{"name":"gracias","href":"https:\/\/api.w.org\/{rel}","templated":true}]}}