{"id":2913,"date":"2022-11-29T00:59:31","date_gmt":"2022-11-29T06:59:31","guid":{"rendered":"http:\/\/anchorofhopewi.clmstaging.com\/?page_id=2913"},"modified":"2025-11-26T06:34:30","modified_gmt":"2025-11-26T12:34:30","slug":"parenting","status":"publish","type":"page","link":"http:\/\/anchorofhopewi.clmstaging.com\/es\/parenting\/","title":{"rendered":"Crianza de los hijos"},"content":{"rendered":"<div data-elementor-type=\"wp-page\" data-elementor-id=\"2913\" class=\"elementor elementor-2913\" data-elementor-post-type=\"page\">\n\t\t\t\t\t\t<section class=\"elementor-section elementor-top-section elementor-element elementor-element-8e1f820 elementor-section-full_width elementor-section-height-min-height elementor-section-height-default elementor-section-items-middle\" data-id=\"8e1f820\" data-element_type=\"section\" data-e-type=\"section\" data-settings=\"{&quot;background_background&quot;:&quot;classic&quot;}\">\n\t\t\t\t\t\t<div class=\"elementor-container elementor-column-gap-default\">\n\t\t\t\t\t<div class=\"elementor-column elementor-col-100 elementor-top-column elementor-element elementor-element-f2c90a8\" data-id=\"f2c90a8\" data-element_type=\"column\" data-e-type=\"column\">\n\t\t\t<div class=\"elementor-widget-wrap elementor-element-populated\">\n\t\t\t\t\t\t\t<\/div>\n\t\t<\/div>\n\t\t\t\t\t<\/div>\n\t\t<\/section>\n\t\t\t\t<section class=\"elementor-section elementor-top-section elementor-element elementor-element-6f844b4 elementor-section-boxed elementor-section-height-default elementor-section-height-default\" data-id=\"6f844b4\" data-element_type=\"section\" data-e-type=\"section\">\n\t\t\t\t\t\t<div class=\"elementor-container elementor-column-gap-default\">\n\t\t\t\t\t<div class=\"elementor-column elementor-col-100 elementor-top-column elementor-element elementor-element-ce5ed8b\" data-id=\"ce5ed8b\" data-element_type=\"column\" data-e-type=\"column\">\n\t\t\t<div class=\"elementor-widget-wrap elementor-element-populated\">\n\t\t\t\t\t\t<div class=\"elementor-element elementor-element-794d974 elementor-widget elementor-widget-text-editor\" data-id=\"794d974\" data-element_type=\"widget\" data-e-type=\"widget\" data-widget_type=\"text-editor.default\">\n\t\t\t\t<div class=\"elementor-widget-container\">\n\t\t\t\t\t\t\t\t\t<div class=\"et_pb_module et_pb_text et_pb_text_0 et_pb_text_align_left et_pb_bg_layout_light\"><p><span style=\"font-weight: 400;\">Si decide ser padre, el condado de Sheboygan alberga numerosas agencias de apoyo. <span data-sheets-root=\"1\">Por ejemplo, Anchor of Hope ofrece informaci\u00f3n gratuita y confidencial. <a href=\"http:\/\/anchorofhopewi.clmstaging.com\/es\/\">pruebas de embarazo en Plymouth<\/a>\u00a0as\u00ed como clases para padres que puedes comenzar a tomar durante tu embarazo y despu\u00e9s de que nazca tu hijo. <\/span> Estas clases son una oportunidad para que usted se re\u00fana con un defensor del cliente semanalmente, donde aprender\u00e1 sobre todo, desde sus trimestres hasta nutrici\u00f3n, c\u00f3mo manejar las rabietas y mucho m\u00e1s. <\/span><\/p><p><span style=\"font-family: var( --e-global-typography-text-font-family ), Sans-serif; font-weight: var( --e-global-typography-text-font-weight ); font-size: 1rem; color: var( --e-global-color-text );\">Los recursos incluyen clases de preparaci\u00f3n al parto, clases individuales de crianza, material de apoyo, clases de lactancia materna, referencias comunitarias y m\u00e1s. Las preguntas e inquietudes sobre crianza se pueden abordar en su primera cita de admisi\u00f3n. <\/span><strong style=\"font-family: var( --e-global-typography-text-font-family ), Sans-serif; font-size: 1rem; color: var( --e-global-color-text );\">Todo sin coste alguno para ti.<\/strong><\/p><\/div>\t\t\t\t\t\t\t\t<\/div>\n\t\t\t\t<\/div>\n\t\t\t\t\t<\/div>\n\t\t<\/div>\n\t\t\t\t\t<\/div>\n\t\t<\/section>\n\t\t\t\t<section class=\"elementor-section elementor-top-section elementor-element elementor-element-f137c18 elementor-section-boxed elementor-section-height-default elementor-section-height-default\" data-id=\"f137c18\" data-element_type=\"section\" data-e-type=\"section\">\n\t\t\t\t\t\t<div class=\"elementor-container elementor-column-gap-default\">\n\t\t\t\t\t<div class=\"elementor-column elementor-col-100 elementor-top-column elementor-element elementor-element-8024580\" data-id=\"8024580\" data-element_type=\"column\" data-e-type=\"column\">\n\t\t\t<div class=\"elementor-widget-wrap elementor-element-populated\">\n\t\t\t\t\t\t<div class=\"elementor-element elementor-element-bcfe74a elementor-widget elementor-widget-accordion\" data-id=\"bcfe74a\" data-element_type=\"widget\" data-e-type=\"widget\" data-widget_type=\"accordion.default\">\n\t\t\t\t<div class=\"elementor-widget-container\">\n\t\t\t\t\t\t\t<div class=\"elementor-accordion\">\n\t\t\t\t\t\t\t<div class=\"elementor-accordion-item\">\n\t\t\t\t\t<div id=\"elementor-tab-title-1981\" class=\"elementor-tab-title\" data-tab=\"1\" role=\"button\" aria-controls=\"elementor-tab-content-1981\" aria-expanded=\"false\">\n\t\t\t\t\t\t\t\t\t\t\t\t\t<span class=\"elementor-accordion-icon elementor-accordion-icon-left\" aria-hidden=\"true\">\n\t\t\t\t\t\t\t\t\t\t\t\t\t\t\t<span class=\"elementor-accordion-icon-closed\"><i class=\"fas fa-plus\"><\/i><\/span>\n\t\t\t\t\t\t\t\t<span class=\"elementor-accordion-icon-opened\"><i class=\"fas fa-minus\"><\/i><\/span>\n\t\t\t\t\t\t\t\t\t\t\t\t\t\t<\/span>\n\t\t\t\t\t\t\t\t\t\t\t\t<a class=\"elementor-accordion-title\" tabindex=\"0\">\u00bfExisten servicios dentro del condado de Sheboygan que me apoyar\u00edan durante mi embarazo y despu\u00e9s?<\/a>\n\t\t\t\t\t<\/div>\n\t\t\t\t\t<div id=\"elementor-tab-content-1981\" class=\"elementor-tab-content elementor-clearfix\" data-tab=\"1\" role=\"region\" aria-labelledby=\"elementor-tab-title-1981\"><p><span style=\"font-weight: 400;\">S\u00ed. Podemos proporcionarle una lista de referencias que pueden ayudarle durante y despu\u00e9s de su embarazo.\u00a0<\/span><\/p><\/div>\n\t\t\t\t<\/div>\n\t\t\t\t\t\t\t<div class=\"elementor-accordion-item\">\n\t\t\t\t\t<div id=\"elementor-tab-title-1982\" class=\"elementor-tab-title\" data-tab=\"2\" role=\"button\" aria-controls=\"elementor-tab-content-1982\" aria-expanded=\"false\">\n\t\t\t\t\t\t\t\t\t\t\t\t\t<span class=\"elementor-accordion-icon elementor-accordion-icon-left\" aria-hidden=\"true\">\n\t\t\t\t\t\t\t\t\t\t\t\t\t\t\t<span class=\"elementor-accordion-icon-closed\"><i class=\"fas fa-plus\"><\/i><\/span>\n\t\t\t\t\t\t\t\t<span class=\"elementor-accordion-icon-opened\"><i class=\"fas fa-minus\"><\/i><\/span>\n\t\t\t\t\t\t\t\t\t\t\t\t\t\t<\/span>\n\t\t\t\t\t\t\t\t\t\t\t\t<a class=\"elementor-accordion-title\" tabindex=\"0\">\u00bfHay alguien con quien pueda hablar en Anchor of Hope?<\/a>\n\t\t\t\t\t<\/div>\n\t\t\t\t\t<div id=\"elementor-tab-content-1982\" class=\"elementor-tab-content elementor-clearfix\" data-tab=\"2\" role=\"region\" aria-labelledby=\"elementor-tab-title-1982\"><p><span style=\"font-weight: 400;\">\u00a1S\u00ed! Por favor, CONT\u00c1CTENOS llamando o enviando un mensaje de texto. <strong><a href=\"tel:9204524673\">920-452-4673<\/a><\/strong>.<\/span><\/p><\/div>\n\t\t\t\t<\/div>\n\t\t\t\t\t\t\t\t<\/div>\n\t\t\t\t\t\t<\/div>\n\t\t\t\t<\/div>\n\t\t\t\t\t<\/div>\n\t\t<\/div>\n\t\t\t\t\t<\/div>\n\t\t<\/section>\n\t\t\t\t<section class=\"elementor-section elementor-top-section elementor-element elementor-element-7d6a1c2 elementor-section-boxed elementor-section-height-default elementor-section-height-default\" data-id=\"7d6a1c2\" data-element_type=\"section\" data-e-type=\"section\" data-settings=\"{&quot;background_background&quot;:&quot;classic&quot;}\">\n\t\t\t\t\t\t<div class=\"elementor-container elementor-column-gap-default\">\n\t\t\t\t\t<div class=\"elementor-column elementor-col-100 elementor-top-column elementor-element elementor-element-c5a0bc9\" data-id=\"c5a0bc9\" data-element_type=\"column\" data-e-type=\"column\">\n\t\t\t<div class=\"elementor-widget-wrap elementor-element-populated\">\n\t\t\t\t\t\t<div class=\"elementor-element elementor-element-ba810e0 elementor-widget elementor-widget-heading\" data-id=\"ba810e0\" data-element_type=\"widget\" data-e-type=\"widget\" data-widget_type=\"heading.default\">\n\t\t\t\t<div class=\"elementor-widget-container\">\n\t\t\t\t\t<h4 class=\"elementor-heading-title elementor-size-default\">Programe una cita sin costo hoy<\/h4>\t\t\t\t<\/div>\n\t\t\t\t<\/div>\n\t\t\t\t\t<\/div>\n\t\t<\/div>\n\t\t\t\t\t<\/div>\n\t\t<\/section>\n\t\t\t\t<section class=\"elementor-section elementor-top-section elementor-element elementor-element-b10ba25 elementor-section-boxed elementor-section-height-default elementor-section-height-default\" data-id=\"b10ba25\" data-element_type=\"section\" data-e-type=\"section\">\n\t\t\t\t\t\t<div class=\"elementor-container elementor-column-gap-default\">\n\t\t\t\t\t<div class=\"elementor-column elementor-col-33 elementor-top-column elementor-element elementor-element-8a7fba0\" data-id=\"8a7fba0\" data-element_type=\"column\" data-e-type=\"column\">\n\t\t\t<div class=\"elementor-widget-wrap elementor-element-populated\">\n\t\t\t\t\t\t<div class=\"elementor-element elementor-element-f9382f8 elementor-align-center elementor-widget elementor-widget-button\" data-id=\"f9382f8\" data-element_type=\"widget\" data-e-type=\"widget\" data-widget_type=\"button.default\">\n\t\t\t\t<div class=\"elementor-widget-container\">\n\t\t\t\t\t\t\t\t\t<div class=\"elementor-button-wrapper\">\n\t\t\t\t\t<a class=\"elementor-button elementor-button-link elementor-size-lg\" href=\"tel:19204524673\">\n\t\t\t\t\t\t<span class=\"elementor-button-content-wrapper\">\n\t\t\t\t\t\t<span class=\"elementor-button-icon\">\n\t\t\t\t<i aria-hidden=\"true\" class=\"fas fa-phone-alt\"><\/i>\t\t\t<\/span>\n\t\t\t\t\t\t\t\t\t<span class=\"elementor-button-text\">LLAMAR<\/span>\n\t\t\t\t\t<\/span>\n\t\t\t\t\t<\/a>\n\t\t\t\t<\/div>\n\t\t\t\t\t\t\t\t<\/div>\n\t\t\t\t<\/div>\n\t\t\t\t\t<\/div>\n\t\t<\/div>\n\t\t\t\t<div class=\"elementor-column elementor-col-33 elementor-top-column elementor-element elementor-element-199d7cd\" data-id=\"199d7cd\" data-element_type=\"column\" data-e-type=\"column\">\n\t\t\t<div class=\"elementor-widget-wrap elementor-element-populated\">\n\t\t\t\t\t\t<div class=\"elementor-element elementor-element-52cf376 elementor-align-center elementor-widget elementor-widget-button\" data-id=\"52cf376\" data-element_type=\"widget\" data-e-type=\"widget\" data-widget_type=\"button.default\">\n\t\t\t\t<div class=\"elementor-widget-container\">\n\t\t\t\t\t\t\t\t\t<div class=\"elementor-button-wrapper\">\n\t\t\t\t\t<a class=\"elementor-button elementor-button-link elementor-size-lg\" href=\"sms:19204524673\">\n\t\t\t\t\t\t<span class=\"elementor-button-content-wrapper\">\n\t\t\t\t\t\t<span class=\"elementor-button-icon\">\n\t\t\t\t<i aria-hidden=\"true\" class=\"fas fa-comment\"><\/i>\t\t\t<\/span>\n\t\t\t\t\t\t\t\t\t<span class=\"elementor-button-text\">TEXTO<\/span>\n\t\t\t\t\t<\/span>\n\t\t\t\t\t<\/a>\n\t\t\t\t<\/div>\n\t\t\t\t\t\t\t\t<\/div>\n\t\t\t\t<\/div>\n\t\t\t\t\t<\/div>\n\t\t<\/div>\n\t\t\t\t<div class=\"elementor-column elementor-col-33 elementor-top-column elementor-element elementor-element-f7d20f7\" data-id=\"f7d20f7\" data-element_type=\"column\" data-e-type=\"column\">\n\t\t\t<div class=\"elementor-widget-wrap elementor-element-populated\">\n\t\t\t\t\t\t<div class=\"elementor-element elementor-element-5d1575f elementor-align-center elementor-widget elementor-widget-button\" data-id=\"5d1575f\" data-element_type=\"widget\" data-e-type=\"widget\" data-widget_type=\"button.default\">\n\t\t\t\t<div class=\"elementor-widget-container\">\n\t\t\t\t\t\t\t\t\t<div class=\"elementor-button-wrapper\">\n\t\t\t\t\t<a class=\"elementor-button elementor-button-link elementor-size-lg\" href=\"http:\/\/anchorofhopewi.clmstaging.com\/es\/after-hours\/\">\n\t\t\t\t\t\t<span class=\"elementor-button-content-wrapper\">\n\t\t\t\t\t\t<span class=\"elementor-button-icon\">\n\t\t\t\t<i aria-hidden=\"true\" class=\"fas fa-moon\"><\/i>\t\t\t<\/span>\n\t\t\t\t\t\t\t\t\t<span class=\"elementor-button-text\">AYUDA FUERA DEL HORARIO DE ATENCI\u00d3N<\/span>\n\t\t\t\t\t<\/span>\n\t\t\t\t\t<\/a>\n\t\t\t\t<\/div>\n\t\t\t\t\t\t\t\t<\/div>\n\t\t\t\t<\/div>\n\t\t\t\t\t<\/div>\n\t\t<\/div>\n\t\t\t\t\t<\/div>\n\t\t<\/section>\n\t\t\t\t<section class=\"elementor-section elementor-top-section elementor-element elementor-element-0d5e5ae elementor-section-boxed elementor-section-height-default elementor-section-height-default\" data-id=\"0d5e5ae\" data-element_type=\"section\" data-e-type=\"section\">\n\t\t\t\t\t\t<div class=\"elementor-container elementor-column-gap-default\">\n\t\t\t\t\t<div class=\"elementor-column elementor-col-100 elementor-top-column elementor-element elementor-element-c0dff96\" data-id=\"c0dff96\" data-element_type=\"column\" data-e-type=\"column\">\n\t\t\t<div class=\"elementor-widget-wrap elementor-element-populated\">\n\t\t\t\t\t\t<div class=\"elementor-element elementor-element-612c2ac elementor-widget elementor-widget-text-editor\" data-id=\"612c2ac\" data-element_type=\"widget\" data-e-type=\"widget\" data-widget_type=\"text-editor.default\">\n\t\t\t\t<div class=\"elementor-widget-container\">\n\t\t\t\t\t\t\t\t\t<div class=\"yiv3019878444elementToProof\">Si desea obtener m\u00e1s informaci\u00f3n sobre HOPE (Ayudando a otros padres a trav\u00e9s de la educaci\u00f3n), haga clic en <a href=\"http:\/\/anchorofhopewi.clmstaging.com\/es\/h-o-p-e-program\/\">AQU\u00cd<\/a>, env\u00ede un mensaje de texto con ESPERANZA a <a href=\"tel:9204524673\">920-400-6927<\/a> o ll\u00e1manos al <a href=\"tel:9204524673\">920-452-4673<\/a>. .<\/div>\t\t\t\t\t\t\t\t<\/div>\n\t\t\t\t<\/div>\n\t\t\t\t\t<\/div>\n\t\t<\/div>\n\t\t\t\t\t<\/div>\n\t\t<\/section>\n\t\t\t\t<\/div>","protected":false},"excerpt":{"rendered":"<p>If you choose to parent, Sheboygan County is home to numerous support agencies. For example, Anchor of Hope offers free and confidential pregnancy testing in Plymouth\u00a0as well as parenting classes that you can start taking during your pregnancy and after your child is born. These classes are an opportunity for you to meet with a [&hellip;]<\/p>","protected":false},"author":18,"featured_media":0,"parent":0,"menu_order":0,"comment_status":"closed","ping_status":"closed","template":"elementor_header_footer","meta":{"_acf_changed":false,"footnotes":""},"class_list":["post-2913","page","type-page","status-publish","hentry"],"acf":[],"yoast_head":"<!-- This site is optimized with the Yoast SEO plugin v26.8 - https:\/\/yoast.com\/product\/yoast-seo-wordpress\/ -->\n<title>Free Parenting Classes for New Parents for Dads &amp; Moms<\/title>\n<meta name=\"description\" content=\"Discover expert-led free parenting classes tailored for new parents. Learn essential tips, strategies, and support for both dads and moms on this parenting journey.\" \/>\n<meta name=\"robots\" content=\"index, follow, max-snippet:-1, max-image-preview:large, max-video-preview:-1\" \/>\n<link rel=\"canonical\" href=\"http:\/\/anchorofhopewi.clmstaging.com\/es\/parenting\/\" \/>\n<meta property=\"og:locale\" content=\"es_MX\" \/>\n<meta property=\"og:type\" content=\"article\" \/>\n<meta property=\"og:title\" content=\"Free Parenting Classes for New Parents for Dads &amp; Moms\" \/>\n<meta property=\"og:description\" content=\"Discover expert-led free parenting classes tailored for new parents. Learn essential tips, strategies, and support for both dads and moms on this parenting journey.\" \/>\n<meta property=\"og:url\" content=\"http:\/\/anchorofhopewi.clmstaging.com\/es\/parenting\/\" \/>\n<meta property=\"og:site_name\" content=\"Anchor of Hope\" \/>\n<meta property=\"article:modified_time\" content=\"2025-11-26T12:34:30+00:00\" \/>\n<meta name=\"twitter:card\" content=\"summary_large_image\" \/>\n<meta name=\"twitter:label1\" content=\"Tiempo de lectura\" \/>\n\t<meta name=\"twitter:data1\" content=\"1 minuto\" \/>\n<!-- \/ Yoast SEO plugin. -->","yoast_head_json":{"title":"Clases gratuitas de crianza para nuevos padres y madres","description":"Descubra clases gratuitas de crianza impartidas por expertos y dise\u00f1adas para nuevos padres. Aprenda consejos, estrategias y apoyo esenciales para padres y madres en esta etapa de la crianza.","robots":{"index":"index","follow":"follow","max-snippet":"max-snippet:-1","max-image-preview":"max-image-preview:large","max-video-preview":"max-video-preview:-1"},"canonical":"http:\/\/anchorofhopewi.clmstaging.com\/es\/parenting\/","og_locale":"es_MX","og_type":"article","og_title":"Free Parenting Classes for New Parents for Dads & Moms","og_description":"Discover expert-led free parenting classes tailored for new parents. Learn essential tips, strategies, and support for both dads and moms on this parenting journey.","og_url":"http:\/\/anchorofhopewi.clmstaging.com\/es\/parenting\/","og_site_name":"Anchor of Hope","article_modified_time":"2025-11-26T12:34:30+00:00","twitter_card":"summary_large_image","twitter_misc":{"Tiempo de lectura":"1 minuto"},"schema":{"@context":"https:\/\/schema.org","@graph":[{"@type":"WebPage","@id":"http:\/\/anchorofhopewi.clmstaging.com\/parenting\/","url":"http:\/\/anchorofhopewi.clmstaging.com\/parenting\/","name":"Clases gratuitas de crianza para nuevos padres y madres","isPartOf":{"@id":"http:\/\/anchorofhopewi.clmstaging.com\/#website"},"datePublished":"2022-11-29T06:59:31+00:00","dateModified":"2025-11-26T12:34:30+00:00","description":"Descubra clases gratuitas de crianza impartidas por expertos y dise\u00f1adas para nuevos padres. Aprenda consejos, estrategias y apoyo esenciales para padres y madres en esta etapa de la crianza.","breadcrumb":{"@id":"http:\/\/anchorofhopewi.clmstaging.com\/parenting\/#breadcrumb"},"inLanguage":"es","potentialAction":[{"@type":"ReadAction","target":["http:\/\/anchorofhopewi.clmstaging.com\/parenting\/"]}]},{"@type":"BreadcrumbList","@id":"http:\/\/anchorofhopewi.clmstaging.com\/parenting\/#breadcrumb","itemListElement":[{"@type":"ListItem","position":1,"name":"Home","item":"http:\/\/anchorofhopewi.clmstaging.com\/"},{"@type":"ListItem","position":2,"name":"Parenting"}]},{"@type":"WebSite","@id":"http:\/\/anchorofhopewi.clmstaging.com\/#website","url":"http:\/\/anchorofhopewi.clmstaging.com\/","name":"Ancla de esperanza","description":"","publisher":{"@id":"http:\/\/anchorofhopewi.clmstaging.com\/#organization"},"potentialAction":[{"@type":"SearchAction","target":{"@type":"EntryPoint","urlTemplate":"http:\/\/anchorofhopewi.clmstaging.com\/?s={search_term_string}"},"query-input":{"@type":"PropertyValueSpecification","valueRequired":true,"valueName":"search_term_string"}}],"inLanguage":"es"},{"@type":"Organization","@id":"http:\/\/anchorofhopewi.clmstaging.com\/#organization","name":"Ancla de esperanza","url":"http:\/\/anchorofhopewi.clmstaging.com\/","logo":{"@type":"ImageObject","inLanguage":"es","@id":"http:\/\/anchorofhopewi.clmstaging.com\/#\/schema\/logo\/image\/","url":"http:\/\/anchorofhopewi.clmstaging.com\/wp-content\/uploads\/2021\/09\/logo-color.png","contentUrl":"http:\/\/anchorofhopewi.clmstaging.com\/wp-content\/uploads\/2021\/09\/logo-color.png","width":729,"height":115,"caption":"Anchor of Hope"},"image":{"@id":"http:\/\/anchorofhopewi.clmstaging.com\/#\/schema\/logo\/image\/"}}]}},"_links":{"self":[{"href":"http:\/\/anchorofhopewi.clmstaging.com\/es\/wp-json\/wp\/v2\/pages\/2913","targetHints":{"allow":["GET"]}}],"collection":[{"href":"http:\/\/anchorofhopewi.clmstaging.com\/es\/wp-json\/wp\/v2\/pages"}],"about":[{"href":"http:\/\/anchorofhopewi.clmstaging.com\/es\/wp-json\/wp\/v2\/types\/page"}],"author":[{"embeddable":true,"href":"http:\/\/anchorofhopewi.clmstaging.com\/es\/wp-json\/wp\/v2\/users\/18"}],"replies":[{"embeddable":true,"href":"http:\/\/anchorofhopewi.clmstaging.com\/es\/wp-json\/wp\/v2\/comments?post=2913"}],"version-history":[{"count":0,"href":"http:\/\/anchorofhopewi.clmstaging.com\/es\/wp-json\/wp\/v2\/pages\/2913\/revisions"}],"wp:attachment":[{"href":"http:\/\/anchorofhopewi.clmstaging.com\/es\/wp-json\/wp\/v2\/media?parent=2913"}],"curies":[{"name":"gracias","href":"https:\/\/api.w.org\/{rel}","templated":true}]}}