{"id":8001,"date":"2025-07-30T15:33:04","date_gmt":"2025-07-30T21:33:04","guid":{"rendered":"http:\/\/anchorofhopewi.clmstaging.com\/?page_id=8001"},"modified":"2025-10-16T21:38:36","modified_gmt":"2025-10-17T03:38:36","slug":"after-hours-help","status":"publish","type":"page","link":"http:\/\/anchorofhopewi.clmstaging.com\/es\/after-hours-help\/","title":{"rendered":"Ayuda fuera del horario laboral"},"content":{"rendered":"<div data-elementor-type=\"wp-page\" data-elementor-id=\"8001\" class=\"elementor elementor-8001\" data-elementor-post-type=\"page\">\n\t\t\t\t\t\t<section class=\"elementor-section elementor-top-section elementor-element elementor-element-0286309 elementor-section-full_width elementor-section-height-min-height elementor-section-height-default elementor-section-items-middle\" data-id=\"0286309\" data-element_type=\"section\" data-e-type=\"section\" data-settings=\"{&quot;background_background&quot;:&quot;classic&quot;}\">\n\t\t\t\t\t\t<div class=\"elementor-container elementor-column-gap-default\">\n\t\t\t\t\t<div class=\"elementor-column elementor-col-100 elementor-top-column elementor-element elementor-element-124291b\" data-id=\"124291b\" data-element_type=\"column\" data-e-type=\"column\">\n\t\t\t<div class=\"elementor-widget-wrap elementor-element-populated\">\n\t\t\t\t\t\t\t<\/div>\n\t\t<\/div>\n\t\t\t\t\t<\/div>\n\t\t<\/section>\n\t\t\t\t<section class=\"elementor-section elementor-top-section elementor-element elementor-element-2c061d1 elementor-section-boxed elementor-section-height-default elementor-section-height-default\" data-id=\"2c061d1\" data-element_type=\"section\" data-e-type=\"section\">\n\t\t\t\t\t\t<div class=\"elementor-container elementor-column-gap-default\">\n\t\t\t\t\t<div class=\"elementor-column elementor-col-100 elementor-top-column elementor-element elementor-element-3823882\" data-id=\"3823882\" data-element_type=\"column\" data-e-type=\"column\">\n\t\t\t<div class=\"elementor-widget-wrap elementor-element-populated\">\n\t\t\t\t\t\t<div class=\"elementor-element elementor-element-0239011 elementor-widget elementor-widget-text-editor\" data-id=\"0239011\" data-element_type=\"widget\" data-e-type=\"widget\" data-widget_type=\"text-editor.default\">\n\t\t\t\t<div class=\"elementor-widget-container\">\n\t\t\t\t\t\t\t\t\t<p><strong>Si est\u00e1 fuera del horario laboral de Anchor of Hope y necesitas hablar, todav\u00eda hay alguien disponible.\u00a0<\/strong><\/p><p>Tambi\u00e9n puede programar una cita m\u00e9dica fuera de horario y uno de los miembros de nuestro personal se comunicar\u00e1 con usted el siguiente d\u00eda h\u00e1bil lo antes posible.\u00a0<\/p>\t\t\t\t\t\t\t\t<\/div>\n\t\t\t\t<\/div>\n\t\t\t\t\t<\/div>\n\t\t<\/div>\n\t\t\t\t\t<\/div>\n\t\t<\/section>\n\t\t\t\t<section class=\"elementor-section elementor-top-section elementor-element elementor-element-c9e44d3 elementor-section-boxed elementor-section-height-default elementor-section-height-default\" data-id=\"c9e44d3\" data-element_type=\"section\" data-e-type=\"section\">\n\t\t\t\t\t\t<div class=\"elementor-container elementor-column-gap-default\">\n\t\t\t\t\t<div class=\"elementor-column elementor-col-50 elementor-top-column elementor-element elementor-element-d97ca4e\" data-id=\"d97ca4e\" data-element_type=\"column\" data-e-type=\"column\">\n\t\t\t<div class=\"elementor-widget-wrap elementor-element-populated\">\n\t\t\t\t\t\t<div class=\"elementor-element elementor-element-a41d187 elementor-align-center elementor-widget elementor-widget-button\" data-id=\"a41d187\" data-element_type=\"widget\" data-e-type=\"widget\" data-widget_type=\"button.default\">\n\t\t\t\t<div class=\"elementor-widget-container\">\n\t\t\t\t\t\t\t\t\t<div class=\"elementor-button-wrapper\">\n\t\t\t\t\t<a class=\"elementor-button elementor-button-link elementor-size-lg\" href=\"tel:8007124357\">\n\t\t\t\t\t\t<span class=\"elementor-button-content-wrapper\">\n\t\t\t\t\t\t<span class=\"elementor-button-icon\">\n\t\t\t\t<i aria-hidden=\"true\" class=\"fas fa-phone-alt\"><\/i>\t\t\t<\/span>\n\t\t\t\t\t\t\t\t\t<span class=\"elementor-button-text\">LLAMAR<\/span>\n\t\t\t\t\t<\/span>\n\t\t\t\t\t<\/a>\n\t\t\t\t<\/div>\n\t\t\t\t\t\t\t\t<\/div>\n\t\t\t\t<\/div>\n\t\t\t\t\t<\/div>\n\t\t<\/div>\n\t\t\t\t<div class=\"elementor-column elementor-col-50 elementor-top-column elementor-element elementor-element-a4eb526\" data-id=\"a4eb526\" data-element_type=\"column\" data-e-type=\"column\">\n\t\t\t<div class=\"elementor-widget-wrap elementor-element-populated\">\n\t\t\t\t\t\t<div class=\"elementor-element elementor-element-376f738 elementor-align-center elementor-widget elementor-widget-button\" data-id=\"376f738\" data-element_type=\"widget\" data-e-type=\"widget\" data-widget_type=\"button.default\">\n\t\t\t\t<div class=\"elementor-widget-container\">\n\t\t\t\t\t\t\t\t\t<div class=\"elementor-button-wrapper\">\n\t\t\t\t\t<a class=\"elementor-button elementor-button-link elementor-size-lg\" href=\"tel:8007124357\">\n\t\t\t\t\t\t<span class=\"elementor-button-content-wrapper\">\n\t\t\t\t\t\t<span class=\"elementor-button-icon\">\n\t\t\t\t<i aria-hidden=\"true\" class=\"fas fa-comments\"><\/i>\t\t\t<\/span>\n\t\t\t\t\t\t\t\t\t<span class=\"elementor-button-text\">CHARLAR<\/span>\n\t\t\t\t\t<\/span>\n\t\t\t\t\t<\/a>\n\t\t\t\t<\/div>\n\t\t\t\t\t\t\t\t<\/div>\n\t\t\t\t<\/div>\n\t\t\t\t\t<\/div>\n\t\t<\/div>\n\t\t\t\t\t<\/div>\n\t\t<\/section>\n\t\t\t\t<section class=\"elementor-section elementor-top-section elementor-element elementor-element-04b18dd elementor-section-boxed elementor-section-height-default elementor-section-height-default\" data-id=\"04b18dd\" data-element_type=\"section\" data-e-type=\"section\">\n\t\t\t\t\t\t<div class=\"elementor-container elementor-column-gap-default\">\n\t\t\t\t\t<div class=\"elementor-column elementor-col-66 elementor-top-column elementor-element elementor-element-8fda608\" data-id=\"8fda608\" data-element_type=\"column\" data-e-type=\"column\">\n\t\t\t<div class=\"elementor-widget-wrap elementor-element-populated\">\n\t\t\t\t\t\t<div class=\"elementor-element elementor-element-ad6807b elementor-widget elementor-widget-text-editor\" data-id=\"ad6807b\" data-element_type=\"widget\" data-e-type=\"widget\" data-widget_type=\"text-editor.default\">\n\t\t\t\t<div class=\"elementor-widget-container\">\n\t\t\t\t\t\t\t\t\t<p><strong>Esta solicitud de cita m\u00e9dica es solo para citas relacionadas con el embarazo.<\/strong> (pruebas de embarazo, ecograf\u00edas y consultas de informaci\u00f3n sobre aborto).\u00a0<\/p><p>Para todas las dem\u00e1s citas haga clic <strong><a href=\"http:\/\/anchorofhopewi.clmstaging.com\/es\/std-testing-and-treatment\/\">AQU\u00cd<\/a><\/strong>.<\/p><p><span data-olk-copy-source=\"MessageBody\">Nuestras ecograf\u00edas se limitan a determinar la ubicaci\u00f3n, la viabilidad y la fecha estimada del parto. Si est\u00e1 bajo atenci\u00f3n obst\u00e9trica, comun\u00edquese con su m\u00e9dico obstetra. Si la han visto en la sala de emergencias, comun\u00edquese con una enfermera por tel\u00e9fono. <\/span><span data-olk-copy-source=\"MessageBody\"> <a href=\"tel:920-452-4673\">920-452-4673<\/a> para discutir durante nuestro horario laboral normal.<\/span><\/p>\t\t\t\t\t\t\t\t<\/div>\n\t\t\t\t<\/div>\n\t\t\t\t<div class=\"elementor-element elementor-element-38150f6 elementor-widget elementor-widget-html\" data-id=\"38150f6\" data-element_type=\"widget\" data-e-type=\"widget\" data-widget_type=\"html.default\">\n\t\t\t\t<div class=\"elementor-widget-container\">\n\t\t\t\t\t<script><!-- [et_pb_line_break_holder] -->    window.addEventListener('DOMContentLoaded', function() {<!-- [et_pb_line_break_holder] --><!-- [et_pb_line_break_holder] -->        \/\/ Get reference to plugin iframe contentWindow<!-- [et_pb_line_break_holder] --><!-- [et_pb_line_break_holder] -->        var f = document.getElementById('pluginFrame').contentWindow;<!-- [et_pb_line_break_holder] --><!-- [et_pb_line_break_holder] -->        \/\/ Setup plugin configuration data.<!-- [et_pb_line_break_holder] -->        \/\/ (Note: your center will receive an apiKey and regKey(s) upon registering with<!-- [et_pb_line_break_holder] -->        \/\/ the eKYROS Call Center in CenterPiece).<!-- [et_pb_line_break_holder] -->        \/\/<!-- [et_pb_line_break_holder] -->        \/\/ Parameters:<!-- [et_pb_line_break_holder] -->        \/\/ type:              Message type should always be 'ekyros'<!-- [et_pb_line_break_holder] -->        \/\/ apiKey:            Identifies Call Center<!-- [et_pb_line_break_holder] -->        \/\/ regKeys:           Array that identifies 1 or more registered office locations.<!-- [et_pb_line_break_holder] -->        \/\/ themeColor:        Optional. Specify a primary color used by the plug-in to match your<!-- [et_pb_line_break_holder] -->        \/\/                    site's theme.  Default is color 'blue'. Accepts hex value or named color.<!-- [et_pb_line_break_holder] -->        \/\/ waitTimeInMinutes: Optional. Specify duration (in minutes) before the user can create<!-- [et_pb_line_break_holder] -->        \/\/                    another appointment.  Default is 30 minutes.<!-- [et_pb_line_break_holder] --><!-- [et_pb_line_break_holder] -->        var data = {<!-- [et_pb_line_break_holder] -->        \"type\":     'ekyros',<!-- [et_pb_line_break_holder] -->        \"apiKey\":   '1c2afaa0-4cd3-4f76-9462-dbd00417442d',<!-- [et_pb_line_break_holder] -->        \"regKeys\":  ['bb2f9efe-0d00-4ce6-b24d-7e128f05bd76'],<!-- [et_pb_line_break_holder] -->        \"themeColor\": '#86A149',<!-- [et_pb_line_break_holder] -->        \"waitTimeInMinutes\": 30<!-- [et_pb_line_break_holder] -->        };<!-- [et_pb_line_break_holder] -->    <!-- [et_pb_line_break_holder] -->        \/\/ Setup message listener to receive messages from the plugin.<!-- [et_pb_line_break_holder] -->        window.addEventListener(\"message\", function(e){<!-- [et_pb_line_break_holder] -->    <!-- [et_pb_line_break_holder] -->            \/\/ Optional. Handle callback message when someone books an appointment<!-- [et_pb_line_break_holder] -->    <!-- [et_pb_line_break_holder] -->            if (e.data.type == 'ekyros') {<!-- [et_pb_line_break_holder] -->    <!-- [et_pb_line_break_holder] -->                \/\/ Do something like redirect to google analytics page etc...<!-- [et_pb_line_break_holder] -->                window.location.href='https:\/\/my-site\/my-google-analytics-page.html';<!-- [et_pb_line_break_holder] -->            }<!-- [et_pb_line_break_holder] -->    <!-- [et_pb_line_break_holder] -->            \/\/ Required! Handle initialization.  <!-- [et_pb_line_break_holder] -->            \/\/ Param1:   Configuration data.<!-- [et_pb_line_break_holder] -->            \/\/ Param2:   Secuity requirement.  Must be origin (domain) used in iframe SRC <!-- [et_pb_line_break_holder] -->            \/\/           attribute.<!-- [et_pb_line_break_holder] -->    <!-- [et_pb_line_break_holder] -->            if (e.data.type == 'ekyros-init') {<!-- [et_pb_line_break_holder] -->                <!-- [et_pb_line_break_holder] -->                f.postMessage(data, \"https:\/\/pluslinkplugin.ekyros.com\");<!-- [et_pb_line_break_holder] -->            }<!-- [et_pb_line_break_holder] -->        });<!-- [et_pb_line_break_holder] -->});<!-- [et_pb_line_break_holder] --><\/script>\t\t\t\t<\/div>\n\t\t\t\t<\/div>\n\t\t\t\t<div class=\"elementor-element elementor-element-bcd36b0 elementor-widget elementor-widget-text-editor\" data-id=\"bcd36b0\" data-element_type=\"widget\" data-e-type=\"widget\" data-widget_type=\"text-editor.default\">\n\t\t\t\t<div class=\"elementor-widget-container\">\n\t\t\t\t\t\t\t\t\t<iframe id=\"pluginFrame\" style=\"width: 100%; min-height: 500px; padding: 15px;\" data-src=\"https:\/\/pluslinkplugin.ekyros.com\" width=\"300\" height=\"150\" frameborder=\"3\" src=\"data:image\/svg+xml;base64,PHN2ZyB3aWR0aD0iMSIgaGVpZ2h0PSIxIiB4bWxucz0iaHR0cDovL3d3dy53My5vcmcvMjAwMC9zdmciPjwvc3ZnPg==\" class=\"lazyload\" data-load-mode=\"1\"><\/iframe>\n\n<script>\n    window.addEventListener('DOMContentLoaded', function() {\n\n        \/\/ Get reference to plugin iframe contentWindow\n\n        var f = document.getElementById('pluginFrame').contentWindow;\n\n    \/\/ Setup plugin configuration data.\n    \/\/ (Note: your center will receive an apiKey and regKey(s) upon registering with\n    \/\/ the eKYROS Call Center in CenterPiece).\n    \/\/\n    \/\/ Parameters:\n    \/\/ type:                    Message type should always be 'ekyros'\n    \/\/ apiKey:                  Identifies Call Center\n    \/\/ regKeys:                 Array that identifies 1 or more registered office locations.\n    \/\/ themeColor:              Optional. Specify a primary color used by the plug-in to match your\n    \/\/                          site's theme.  Default is color 'blue'. Accepts hex value or named color.\n    \/\/ waitTimeInMinutes:       Optional. Specify duration (in minutes) before the user can create\n    \/\/                          another appointment.  Default is 30 minutes.\n    \/\/ timeslotThrottleInDays:  Optional. Limit the number of timeslots displayed.\n    \/\/                          Valid value is between 1-30 days.  Default is 30 days.\n    \/\/ hideCenterName:          Optional. Hide center Name, address & phone.\n    \/\/                          true\/false.  Default is false.\n\n        var data = {\n        \"type\":     'ekyros',\n        \"apiKey\":   '1c2afaa0-4cd3-4f76-9462-dbd00417442d',\n        \"regKeys\":  ['bb2f9efe-0d00-4ce6-b24d-7e128f05bd76','014d1d52-6563-4f51-a045-0016c09affb2'],\n        \"themeColor\": '#86A149',\n        \"waitTimeInMinutes\": 30,\n        \"timeslotThrottleInDays\": 10,   \/\/ Show 10 days of timeslots (versus 30).\n        \"hideCenterName\": false\n        };\n                \n        \/\/ Setup message listener to receive messages from the plugin.\n        window.addEventListener(\"message\", function(e){\n                \n            \/\/ Optional. Handle callback message when someone books an appointment\n    \n            if (e.data.type == 'ekyros') {\n                \n                \/\/ Do something like redirect to google analytics page etc...\n                window.location.href='http:\/\/anchorofhopewi.clmstaging.com\/thank-you\/';\n            }\n                \n            \/\/ Required! Handle initialization.  \n            \/\/ Param1:   Configuration data.\n            \/\/ Param2:   Secuity requirement.  Must be origin (domain) used in iframe SRC \n            \/\/           attribute.\n    \n            if (e.data.type == 'ekyros-init') {\n                \n                f.postMessage(data, \"https:\/\/pluslinkplugin.ekyros.com\");\n            }\n        });\n});\n<\/script>\n           \t\t\t\t\t\t\t\t<\/div>\n\t\t\t\t<\/div>\n\t\t\t\t\t<\/div>\n\t\t<\/div>\n\t\t\t\t<div class=\"elementor-column elementor-col-33 elementor-top-column elementor-element elementor-element-50f2d1a\" data-id=\"50f2d1a\" data-element_type=\"column\" data-e-type=\"column\">\n\t\t\t<div class=\"elementor-widget-wrap elementor-element-populated\">\n\t\t\t\t\t\t<div class=\"elementor-element elementor-element-78cd312 elementor-widget elementor-widget-text-editor\" data-id=\"78cd312\" data-element_type=\"widget\" data-e-type=\"widget\" data-widget_type=\"text-editor.default\">\n\t\t\t\t<div class=\"elementor-widget-container\">\n\t\t\t\t\t\t\t\t\t<p><strong>Informaci\u00f3n del contacto<\/strong><\/p><p>Fuera del horario laboral (llamada o mensaje de texto) <a href=\"tel:+18007124357\">800-712-4357<\/a><\/p><p><b>Horario de trabajo de Sheboygan<\/b><\/p><ul><li>Lunes: 8:30 a. m. a 5:00 p. m.<\/li><li>Martes: 9:00 a. m. a 3:00 p. m.<\/li><li>Mi\u00e9rcoles: 8:30 a. m. a 6:00 p. m.<\/li><li>Jueves: 8:30 a. m. a 5:00 p. m.<\/li><li>Viernes: 9:00 a. m. a 3:00 p. m.<\/li><li>S\u00e1bado y domingo: cerrado<\/li><\/ul><p><b><br \/>Horario de trabajo de Plymouth<\/b><\/p><ul><li>Martes: 9:00 a. m. a 1:00 p. m.<\/li><li>Jueves: 13:00 \u2013 17:00<br \/><br \/><\/li><\/ul><p><em>Si desea visitar nuestro centro fuera de este horario, por favor, ll\u00e1menos durante el horario de atenci\u00f3n y haremos todo lo posible por atenderle. Queremos servirle en todo lo posible.<\/em><\/p>\t\t\t\t\t\t\t\t<\/div>\n\t\t\t\t<\/div>\n\t\t\t\t\t<\/div>\n\t\t<\/div>\n\t\t\t\t\t<\/div>\n\t\t<\/section>\n\t\t\t\t<\/div>","protected":false},"excerpt":{"rendered":"<p>Si necesita hablar fuera del horario laboral de Anchor of Hope, a\u00fan hay alguien disponible. Tambi\u00e9n puede programar una cita m\u00e9dica fuera del horario laboral y uno de nuestros empleados se pondr\u00e1 en contacto con usted el siguiente d\u00eda h\u00e1bil lo antes posible. LLAMAR CHAT Esta cita m\u00e9dica [\u2026]<\/p>","protected":false},"author":18,"featured_media":0,"parent":0,"menu_order":0,"comment_status":"closed","ping_status":"closed","template":"elementor_header_footer","meta":{"_acf_changed":false,"footnotes":""},"class_list":["post-8001","page","type-page","status-publish","hentry"],"acf":[],"yoast_head":"<!-- This site is optimized with the Yoast SEO plugin v26.8 - https:\/\/yoast.com\/product\/yoast-seo-wordpress\/ -->\n<title>After Hours Help - Anchor of Hope<\/title>\n<meta name=\"description\" content=\"If\u00a0 it is outside of Anchor of Hope&#039;s working hours, and you need to talk, there is still someone available .\u00a0You may also schedule a medical appointment\" \/>\n<meta name=\"robots\" content=\"index, follow, max-snippet:-1, max-image-preview:large, max-video-preview:-1\" \/>\n<link rel=\"canonical\" href=\"http:\/\/anchorofhopewi.clmstaging.com\/es\/after-hours-help\/\" \/>\n<meta property=\"og:locale\" content=\"es_MX\" \/>\n<meta property=\"og:type\" content=\"article\" \/>\n<meta property=\"og:title\" content=\"After Hours Help - Anchor of Hope\" \/>\n<meta property=\"og:description\" content=\"If\u00a0 it is outside of Anchor of Hope&#039;s working hours, and you need to talk, there is still someone available .\u00a0You may also schedule a medical appointment\" \/>\n<meta property=\"og:url\" content=\"http:\/\/anchorofhopewi.clmstaging.com\/es\/after-hours-help\/\" \/>\n<meta property=\"og:site_name\" content=\"Anchor of Hope\" \/>\n<meta property=\"article:modified_time\" content=\"2025-10-17T03:38:36+00:00\" \/>\n<meta name=\"twitter:card\" content=\"summary_large_image\" \/>\n<meta name=\"twitter:label1\" content=\"Tiempo de lectura\" \/>\n\t<meta name=\"twitter:data1\" content=\"1 minuto\" \/>\n<!-- \/ Yoast SEO plugin. -->","yoast_head_json":{"title":"After Hours Help - Anchor of Hope","description":"If\u00a0 it is outside of Anchor of Hope's working hours, and you need to talk, there is still someone available .\u00a0You may also schedule a medical appointment","robots":{"index":"index","follow":"follow","max-snippet":"max-snippet:-1","max-image-preview":"max-image-preview:large","max-video-preview":"max-video-preview:-1"},"canonical":"http:\/\/anchorofhopewi.clmstaging.com\/es\/after-hours-help\/","og_locale":"es_MX","og_type":"article","og_title":"After Hours Help - Anchor of Hope","og_description":"If\u00a0 it is outside of Anchor of Hope's working hours, and you need to talk, there is still someone available .\u00a0You may also schedule a medical appointment","og_url":"http:\/\/anchorofhopewi.clmstaging.com\/es\/after-hours-help\/","og_site_name":"Anchor of Hope","article_modified_time":"2025-10-17T03:38:36+00:00","twitter_card":"summary_large_image","twitter_misc":{"Tiempo de lectura":"1 minuto"},"schema":{"@context":"https:\/\/schema.org","@graph":[{"@type":"WebPage","@id":"http:\/\/anchorofhopewi.clmstaging.com\/after-hours-help\/","url":"http:\/\/anchorofhopewi.clmstaging.com\/after-hours-help\/","name":"After Hours Help - Anchor of Hope","isPartOf":{"@id":"http:\/\/anchorofhopewi.clmstaging.com\/#website"},"datePublished":"2025-07-30T21:33:04+00:00","dateModified":"2025-10-17T03:38:36+00:00","description":"If\u00a0 it is outside of Anchor of Hope's working hours, and you need to talk, there is still someone available .\u00a0You may also schedule a medical appointment","breadcrumb":{"@id":"http:\/\/anchorofhopewi.clmstaging.com\/after-hours-help\/#breadcrumb"},"inLanguage":"es","potentialAction":[{"@type":"ReadAction","target":["http:\/\/anchorofhopewi.clmstaging.com\/after-hours-help\/"]}]},{"@type":"BreadcrumbList","@id":"http:\/\/anchorofhopewi.clmstaging.com\/after-hours-help\/#breadcrumb","itemListElement":[{"@type":"ListItem","position":1,"name":"Home","item":"http:\/\/anchorofhopewi.clmstaging.com\/"},{"@type":"ListItem","position":2,"name":"After Hours Help"}]},{"@type":"WebSite","@id":"http:\/\/anchorofhopewi.clmstaging.com\/#website","url":"http:\/\/anchorofhopewi.clmstaging.com\/","name":"Ancla de esperanza","description":"","publisher":{"@id":"http:\/\/anchorofhopewi.clmstaging.com\/#organization"},"potentialAction":[{"@type":"SearchAction","target":{"@type":"EntryPoint","urlTemplate":"http:\/\/anchorofhopewi.clmstaging.com\/?s={search_term_string}"},"query-input":{"@type":"PropertyValueSpecification","valueRequired":true,"valueName":"search_term_string"}}],"inLanguage":"es"},{"@type":"Organization","@id":"http:\/\/anchorofhopewi.clmstaging.com\/#organization","name":"Ancla de esperanza","url":"http:\/\/anchorofhopewi.clmstaging.com\/","logo":{"@type":"ImageObject","inLanguage":"es","@id":"http:\/\/anchorofhopewi.clmstaging.com\/#\/schema\/logo\/image\/","url":"http:\/\/anchorofhopewi.clmstaging.com\/wp-content\/uploads\/2021\/09\/logo-color.png","contentUrl":"http:\/\/anchorofhopewi.clmstaging.com\/wp-content\/uploads\/2021\/09\/logo-color.png","width":729,"height":115,"caption":"Anchor of Hope"},"image":{"@id":"http:\/\/anchorofhopewi.clmstaging.com\/#\/schema\/logo\/image\/"}}]}},"_links":{"self":[{"href":"http:\/\/anchorofhopewi.clmstaging.com\/es\/wp-json\/wp\/v2\/pages\/8001","targetHints":{"allow":["GET"]}}],"collection":[{"href":"http:\/\/anchorofhopewi.clmstaging.com\/es\/wp-json\/wp\/v2\/pages"}],"about":[{"href":"http:\/\/anchorofhopewi.clmstaging.com\/es\/wp-json\/wp\/v2\/types\/page"}],"author":[{"embeddable":true,"href":"http:\/\/anchorofhopewi.clmstaging.com\/es\/wp-json\/wp\/v2\/users\/18"}],"replies":[{"embeddable":true,"href":"http:\/\/anchorofhopewi.clmstaging.com\/es\/wp-json\/wp\/v2\/comments?post=8001"}],"version-history":[{"count":0,"href":"http:\/\/anchorofhopewi.clmstaging.com\/es\/wp-json\/wp\/v2\/pages\/8001\/revisions"}],"wp:attachment":[{"href":"http:\/\/anchorofhopewi.clmstaging.com\/es\/wp-json\/wp\/v2\/media?parent=8001"}],"curies":[{"name":"gracias","href":"https:\/\/api.w.org\/{rel}","templated":true}]}}